{"id":302,"date":"2020-11-22T10:01:27","date_gmt":"2020-11-22T10:01:27","guid":{"rendered":"https:\/\/meintueroeffner.de\/?page_id=302"},"modified":"2023-01-25T11:08:33","modified_gmt":"2023-01-25T11:08:33","slug":"jobs-schlusseldienst-dortmund","status":"publish","type":"page","link":"https:\/\/meintueroeffner.de\/index.php\/mein-turoffner-dortmund\/jobs-schlusseldienst-dortmund\/","title":{"rendered":"Jobs Schl\u00fcsseldienst Dortmund"},"content":{"rendered":"<p>[vc_row][vc_column][vc_column_text]<\/p>\n<h3>Stellenangebote in Dortmund und Umgebung<\/h3>\n<p>[\/vc_column_text][vc_empty_space][vc_column_text]<\/p>\n<h2>Selbstst\u00e4ndiger Schl\u00fcsseldienst-Monteur Partner gesucht!<\/h2>\n<p>Einsatzgebiet: Dortmund<br \/>\nEinsatzradius: ca. 50 km<\/p>\n<p>&nbsp;<\/p>\n<p><strong>Jobs Schl\u00fcsseldienst: Wir bieten Ihnen dauerhaft eingehende Auftr\u00e4ge. Wir haben ein solides Fundament f\u00fcr eine lukrative Selbstst\u00e4ndigkeit.<\/strong>[\/vc_column_text][vc_empty_space][\/vc_column][\/vc_row][vc_row][vc_column width=&#8220;1\/4&#8243;][vc_single_image image=&#8220;125&#8243; img_size=&#8220;full&#8220; alignment=&#8220;center&#8220; image_hovers=&#8220;false&#8220;][\/vc_column][vc_column width=&#8220;3\/4&#8243;]<div id=\"ultimate-heading-88069e04cbd11ba0\" class=\"uvc-heading ult-adjust-bottom-margin ultimate-heading-88069e04cbd11ba0 uvc-5839  uvc-heading-default-font-sizes\" data-hspacer=\"no_spacer\"  data-halign=\"left\" style=\"text-align:left\"><div class=\"uvc-heading-spacer no_spacer\" style=\"top\"><\/div><div class=\"uvc-main-heading ult-responsive\"  data-ultimate-target='.uvc-heading.ultimate-heading-88069e04cbd11ba0 h2'  data-responsive-json-new='{\"font-size\":\"\",\"line-height\":\"\"}' ><h2 style=\"--font-weight:theme;\">Das m\u00fcssen Sie mitbringen:<\/h2><\/div><div class=\"uvc-sub-heading ult-responsive\"  data-ultimate-target='.uvc-heading.ultimate-heading-88069e04cbd11ba0 .uvc-sub-heading '  data-responsive-json-new='{\"font-size\":\"\",\"line-height\":\"\"}'  style=\"font-weight:normal;\">Grundvoraussetzung sind handwerkliches Geschick und Freude an f\u00fcr vertrieblichen T\u00e4tigkeiten.<\/p>\n<p>Wir setzen eine umfassende Einsatzbereitschaft und Verf\u00fcgbarkeit voraus. Dazu z\u00e4hlt auch der Besitz eines internetf\u00e4higen Smartphones. Des weiteren sollten Sie eine Affinit\u00e4t f\u00fcr Sicherheitstechnik mitbringen und Interesse an Mechanik und Elektrotechnik haben.<\/p>\n<p>Au\u00dferdem m\u00fcssen Sie einen g\u00fcltigen Gewerbeschein vorweisen k\u00f6nnen und \u00fcber einen eigenen PKW zur Ausf\u00fchrung der von uns vermittelten Auftr\u00e4ge verf\u00fcgen.<\/p>\n<p>Weitere Voraussetzung: Eigene Werkzeuggrundausstattung und Spezialwerkzeug zur \u00d6ffnung von T\u00fcren.<\/div><\/div>[\/vc_column][\/vc_row][vc_row][vc_column]<div id=\"ultimate-heading-10669e04cbd11c09\" class=\"uvc-heading ult-adjust-bottom-margin ultimate-heading-10669e04cbd11c09 uvc-9849  uvc-heading-default-font-sizes\" data-hspacer=\"no_spacer\"  data-halign=\"center\" style=\"text-align:center\"><div class=\"uvc-heading-spacer no_spacer\" style=\"top\"><\/div><div class=\"uvc-main-heading ult-responsive\"  data-ultimate-target='.uvc-heading.ultimate-heading-10669e04cbd11c09 h2'  data-responsive-json-new='{\"font-size\":\"\",\"line-height\":\"\"}' ><h2 style=\"--font-weight:theme;\">Jobs Schl\u00fcsseldienst<\/h2><\/div><\/div>[vc_empty_space][vc_column_text]<\/p>\n<h3>Wir freuen uns \u00fcber Ihre aussagekr\u00e4ftige Bewerbung beim meintueroeffner.de Dortmund!<\/h3>\n<h3>Bitte\u00a0<strong>ausschlie\u00dflich<\/strong>\u00a0zu richten an:\u00a0<a href=\"mailto:info@meintueroeffner.de\">info@meintueroeffner.de<\/a><\/h3>\n<p>[\/vc_column_text][\/vc_column][\/vc_row]<\/p>\n","protected":false},"excerpt":{"rendered":"<p>[vc_row][vc_column][vc_column_text] Stellenangebote in Dortmund und Umgebung [\/vc_column_text][vc_empty_space][vc_column_text] Selbstst\u00e4ndiger Schl\u00fcsseldienst-Monteur Partner gesucht! Einsatzgebiet: Dortmund Einsatzradius: ca. 50 km &nbsp; Jobs Schl\u00fcsseldienst: Wir bieten Ihnen dauerhaft eingehende Auftr\u00e4ge. Wir haben ein solides Fundament f\u00fcr eine lukrative Selbstst\u00e4ndigkeit.[\/vc_column_text][vc_empty_space][\/vc_column][\/vc_row][vc_row][vc_column width=&#8220;1\/4&#8243;][vc_single_image image=&#8220;125&#8243; img_size=&#8220;full&#8220; alignment=&#8220;center&#8220; image_hovers=&#8220;false&#8220;][\/vc_column][vc_column width=&#8220;3\/4&#8243;][\/vc_column][\/vc_row][vc_row][vc_column][vc_empty_space][vc_column_text] Wir freuen uns \u00fcber Ihre aussagekr\u00e4ftige Bewerbung beim meintueroeffner.de Dortmund! Bitte\u00a0ausschlie\u00dflich\u00a0zu richten an:\u00a0info@meintueroeffner.de [\/vc_column_text][\/vc_column][\/vc_row]<\/p>\n","protected":false},"author":2,"featured_media":0,"parent":295,"menu_order":0,"comment_status":"closed","ping_status":"closed","template":"template-microsite.php","meta":[],"yoast_head":"<!-- This site is optimized with the Yoast SEO plugin v19.8 - https:\/\/yoast.com\/wordpress\/plugins\/seo\/ -->\n<title>Jobs Schl\u00fcsseldienst Dortmund - Mein T\u00fcr\u00f6ffner<\/title>\n<meta name=\"description\" content=\"Jobs Schl\u00fcsseldienst Dortmund \u2705 T\u00fcr\u00f6ffnung \u2705 Auto\u00f6ffnung \u2705 Einbruchschutz \u2705 Kontakt: \u260e 020830994875 \u27a5 24h Notdienst \u2705 Wartung + Reparatur\" \/>\n<meta name=\"robots\" content=\"index, follow, max-snippet:-1, max-image-preview:large, max-video-preview:-1\" \/>\n<link rel=\"canonical\" href=\"https:\/\/meintueroeffner.de\/index.php\/mein-turoffner-dortmund\/jobs-schlusseldienst-dortmund\/\" \/>\n<meta property=\"og:locale\" content=\"de_DE\" \/>\n<meta property=\"og:type\" content=\"article\" \/>\n<meta property=\"og:title\" content=\"Jobs Schl\u00fcsseldienst Dortmund - Mein T\u00fcr\u00f6ffner\" \/>\n<meta property=\"og:description\" content=\"Jobs Schl\u00fcsseldienst Dortmund \u2705 T\u00fcr\u00f6ffnung \u2705 Auto\u00f6ffnung \u2705 Einbruchschutz \u2705 Kontakt: \u260e 020830994875 \u27a5 24h Notdienst \u2705 Wartung + Reparatur\" \/>\n<meta property=\"og:url\" content=\"https:\/\/meintueroeffner.de\/index.php\/mein-turoffner-dortmund\/jobs-schlusseldienst-dortmund\/\" \/>\n<meta property=\"og:site_name\" content=\"Mein T\u00fcr\u00f6ffner\" \/>\n<meta property=\"article:modified_time\" content=\"2023-01-25T11:08:33+00:00\" \/>\n<meta name=\"twitter:card\" content=\"summary_large_image\" \/>\n<meta name=\"twitter:label1\" content=\"Gesch\u00e4tzte Lesezeit\" \/>\n\t<meta name=\"twitter:data1\" content=\"1\u00a0Minute\" \/>\n<script type=\"application\/ld+json\" class=\"yoast-schema-graph\">{\"@context\":\"https:\/\/schema.org\",\"@graph\":[{\"@type\":\"WebPage\",\"@id\":\"https:\/\/meintueroeffner.de\/index.php\/mein-turoffner-dortmund\/jobs-schlusseldienst-dortmund\/\",\"url\":\"https:\/\/meintueroeffner.de\/index.php\/mein-turoffner-dortmund\/jobs-schlusseldienst-dortmund\/\",\"name\":\"Jobs Schl\u00fcsseldienst Dortmund - Mein T\u00fcr\u00f6ffner\",\"isPartOf\":{\"@id\":\"https:\/\/meintueroeffner.de\/#website\"},\"datePublished\":\"2020-11-22T10:01:27+00:00\",\"dateModified\":\"2023-01-25T11:08:33+00:00\",\"description\":\"Jobs Schl\u00fcsseldienst Dortmund \u2705 T\u00fcr\u00f6ffnung \u2705 Auto\u00f6ffnung \u2705 Einbruchschutz \u2705 Kontakt: \u260e 020830994875 \u27a5 24h Notdienst \u2705 Wartung + Reparatur\",\"breadcrumb\":{\"@id\":\"https:\/\/meintueroeffner.de\/index.php\/mein-turoffner-dortmund\/jobs-schlusseldienst-dortmund\/#breadcrumb\"},\"inLanguage\":\"de-DE\",\"potentialAction\":[{\"@type\":\"ReadAction\",\"target\":[\"https:\/\/meintueroeffner.de\/index.php\/mein-turoffner-dortmund\/jobs-schlusseldienst-dortmund\/\"]}]},{\"@type\":\"BreadcrumbList\",\"@id\":\"https:\/\/meintueroeffner.de\/index.php\/mein-turoffner-dortmund\/jobs-schlusseldienst-dortmund\/#breadcrumb\",\"itemListElement\":[{\"@type\":\"ListItem\",\"position\":1,\"name\":\"Home\",\"item\":\"https:\/\/meintueroeffner.de\/\"},{\"@type\":\"ListItem\",\"position\":2,\"name\":\"Mein T\u00fcr\u00f6ffner Dortmund\",\"item\":\"https:\/\/meintueroeffner.de\/index.php\/mein-turoffner-dortmund\/\"},{\"@type\":\"ListItem\",\"position\":3,\"name\":\"Jobs Schl\u00fcsseldienst Dortmund\"}]},{\"@type\":\"WebSite\",\"@id\":\"https:\/\/meintueroeffner.de\/#website\",\"url\":\"https:\/\/meintueroeffner.de\/\",\"name\":\"Mein T\u00fcr\u00f6ffner\",\"description\":\"\",\"potentialAction\":[{\"@type\":\"SearchAction\",\"target\":{\"@type\":\"EntryPoint\",\"urlTemplate\":\"https:\/\/meintueroeffner.de\/?s={search_term_string}\"},\"query-input\":\"required name=search_term_string\"}],\"inLanguage\":\"de-DE\"}]}<\/script>\n<!-- \/ Yoast SEO plugin. -->","yoast_head_json":{"title":"Jobs Schl\u00fcsseldienst Dortmund - Mein T\u00fcr\u00f6ffner","description":"Jobs Schl\u00fcsseldienst Dortmund \u2705 T\u00fcr\u00f6ffnung \u2705 Auto\u00f6ffnung \u2705 Einbruchschutz \u2705 Kontakt: \u260e 020830994875 \u27a5 24h Notdienst \u2705 Wartung + Reparatur","robots":{"index":"index","follow":"follow","max-snippet":"max-snippet:-1","max-image-preview":"max-image-preview:large","max-video-preview":"max-video-preview:-1"},"canonical":"https:\/\/meintueroeffner.de\/index.php\/mein-turoffner-dortmund\/jobs-schlusseldienst-dortmund\/","og_locale":"de_DE","og_type":"article","og_title":"Jobs Schl\u00fcsseldienst Dortmund - Mein T\u00fcr\u00f6ffner","og_description":"Jobs Schl\u00fcsseldienst Dortmund \u2705 T\u00fcr\u00f6ffnung \u2705 Auto\u00f6ffnung \u2705 Einbruchschutz \u2705 Kontakt: \u260e 020830994875 \u27a5 24h Notdienst \u2705 Wartung + Reparatur","og_url":"https:\/\/meintueroeffner.de\/index.php\/mein-turoffner-dortmund\/jobs-schlusseldienst-dortmund\/","og_site_name":"Mein T\u00fcr\u00f6ffner","article_modified_time":"2023-01-25T11:08:33+00:00","twitter_card":"summary_large_image","twitter_misc":{"Gesch\u00e4tzte Lesezeit":"1\u00a0Minute"},"schema":{"@context":"https:\/\/schema.org","@graph":[{"@type":"WebPage","@id":"https:\/\/meintueroeffner.de\/index.php\/mein-turoffner-dortmund\/jobs-schlusseldienst-dortmund\/","url":"https:\/\/meintueroeffner.de\/index.php\/mein-turoffner-dortmund\/jobs-schlusseldienst-dortmund\/","name":"Jobs Schl\u00fcsseldienst Dortmund - Mein T\u00fcr\u00f6ffner","isPartOf":{"@id":"https:\/\/meintueroeffner.de\/#website"},"datePublished":"2020-11-22T10:01:27+00:00","dateModified":"2023-01-25T11:08:33+00:00","description":"Jobs Schl\u00fcsseldienst Dortmund \u2705 T\u00fcr\u00f6ffnung \u2705 Auto\u00f6ffnung \u2705 Einbruchschutz \u2705 Kontakt: \u260e 020830994875 \u27a5 24h Notdienst \u2705 Wartung + Reparatur","breadcrumb":{"@id":"https:\/\/meintueroeffner.de\/index.php\/mein-turoffner-dortmund\/jobs-schlusseldienst-dortmund\/#breadcrumb"},"inLanguage":"de-DE","potentialAction":[{"@type":"ReadAction","target":["https:\/\/meintueroeffner.de\/index.php\/mein-turoffner-dortmund\/jobs-schlusseldienst-dortmund\/"]}]},{"@type":"BreadcrumbList","@id":"https:\/\/meintueroeffner.de\/index.php\/mein-turoffner-dortmund\/jobs-schlusseldienst-dortmund\/#breadcrumb","itemListElement":[{"@type":"ListItem","position":1,"name":"Home","item":"https:\/\/meintueroeffner.de\/"},{"@type":"ListItem","position":2,"name":"Mein T\u00fcr\u00f6ffner Dortmund","item":"https:\/\/meintueroeffner.de\/index.php\/mein-turoffner-dortmund\/"},{"@type":"ListItem","position":3,"name":"Jobs Schl\u00fcsseldienst Dortmund"}]},{"@type":"WebSite","@id":"https:\/\/meintueroeffner.de\/#website","url":"https:\/\/meintueroeffner.de\/","name":"Mein T\u00fcr\u00f6ffner","description":"","potentialAction":[{"@type":"SearchAction","target":{"@type":"EntryPoint","urlTemplate":"https:\/\/meintueroeffner.de\/?s={search_term_string}"},"query-input":"required name=search_term_string"}],"inLanguage":"de-DE"}]}},"_links":{"self":[{"href":"https:\/\/meintueroeffner.de\/index.php\/wp-json\/wp\/v2\/pages\/302"}],"collection":[{"href":"https:\/\/meintueroeffner.de\/index.php\/wp-json\/wp\/v2\/pages"}],"about":[{"href":"https:\/\/meintueroeffner.de\/index.php\/wp-json\/wp\/v2\/types\/page"}],"author":[{"embeddable":true,"href":"https:\/\/meintueroeffner.de\/index.php\/wp-json\/wp\/v2\/users\/2"}],"replies":[{"embeddable":true,"href":"https:\/\/meintueroeffner.de\/index.php\/wp-json\/wp\/v2\/comments?post=302"}],"version-history":[{"count":3,"href":"https:\/\/meintueroeffner.de\/index.php\/wp-json\/wp\/v2\/pages\/302\/revisions"}],"predecessor-version":[{"id":454,"href":"https:\/\/meintueroeffner.de\/index.php\/wp-json\/wp\/v2\/pages\/302\/revisions\/454"}],"up":[{"embeddable":true,"href":"https:\/\/meintueroeffner.de\/index.php\/wp-json\/wp\/v2\/pages\/295"}],"wp:attachment":[{"href":"https:\/\/meintueroeffner.de\/index.php\/wp-json\/wp\/v2\/media?parent=302"}],"curies":[{"name":"wp","href":"https:\/\/api.w.org\/{rel}","templated":true}]}}