{"id":300,"date":"2020-11-22T09:53:40","date_gmt":"2020-11-22T09:53:40","guid":{"rendered":"https:\/\/meintueroeffner.de\/?page_id=300"},"modified":"2023-01-25T11:06:19","modified_gmt":"2023-01-25T11:06:19","slug":"einbruchschutz-dortmund-schutzen-sie-ihre-familie","status":"publish","type":"page","link":"https:\/\/meintueroeffner.de\/index.php\/mein-turoffner-dortmund\/einbruchschutz-dortmund-schutzen-sie-ihre-familie\/","title":{"rendered":"Einbruchschutz Dortmund &#8211; Sch\u00fctzen Sie Ihre Familie"},"content":{"rendered":"<p>[vc_row css=&#8220;.vc_custom_1602870381495{margin-bottom: 35px !important;}&#8220;][vc_column][vc_column_text]<\/p>\n<h2>Schl\u00fcsseldienst f\u00fcr Einbruchschutz Dortmund &#8211; f\u00fcr Ihre Sicherheit<\/h2>\n<p>[\/vc_column_text][vc_empty_space][vc_row_inner][vc_column_inner width=&#8220;1\/2&#8243;][vc_single_image image=&#8220;104&#8243; img_size=&#8220;full&#8220; alignment=&#8220;center&#8220; image_hovers=&#8220;false&#8220;][\/vc_column_inner][vc_column_inner width=&#8220;1\/2&#8243;][vc_column_text]Wir sind Ihr kompetenter Schlosser in Dortmund und stehen Ihnen zur Seite.<\/p>\n<p>Mit jahrelanger Erfahrung und modernster Technologie sch\u00fctzen wir Ihr Haus oder Firmengeb\u00e4ude vor Einbruch. Rufen Sie uns an, wenn Sie im Notfall Ihre Haust\u00fcr, Ihre Autot\u00fcr oder Ihren Safe \u00f6ffnen m\u00fcssen. Wir sind Ihr Spezialist und Experte f\u00fcr Einbruchschutz vor Ort.<\/p>\n<p>Sie erreichen uns rund um die Uhr in allen Teilen Dortmund. Vertrauen Sie unserem Preisversprechen, wir helfen Ihnen schnell und g\u00fcnstig.<\/p>\n<p>Sie sollten kein Risiko mit der Sicherheit Ihres Hauses eingehen. Vertrauen Sie den Experten, wenn Sie die T\u00fcr \u00f6ffnen m\u00fcssen. Wir verf\u00fcgen \u00fcber Fachwissen und jahrelange Erfahrung sowie kompetentes Personal, damit wir schadensfrei handeln k\u00f6nnen und Sie keine Folgekosten haben.[\/vc_column_text][\/vc_column_inner][\/vc_row_inner][vc_empty_space]<style type=\"text\/css\" data-type=\"the7_shortcodes-inline-css\">#default-btn-0a523490b77f563ea91470b0ad53155b.ico-right-side > i {\n  margin-right: 0px;\n  margin-left: 8px;\n}\n#default-btn-0a523490b77f563ea91470b0ad53155b > i {\n  margin-right: 8px;\n}\n#default-btn-0a523490b77f563ea91470b0ad53155b * {\n  vertical-align: middle;\n}\n<\/style><div class=\"btn-align-center\"><a href=\"tel:020830994875\" class=\"default-btn-shortcode dt-btn dt-btn-l link-hover-off \" id=\"default-btn-0a523490b77f563ea91470b0ad53155b\"><i class=\"fas fa-phone-alt\"><\/i><span>Rufen Sie den Einbruchschutz an: 020830994875<\/span><\/a><\/div>[vc_empty_space][\/vc_column][\/vc_row][vc_row css=&#8220;.vc_custom_1602870381495{margin-bottom: 35px !important;}&#8220;][vc_column][vc_column_text]<\/p>\n<h2>Qualitativer Einbruchschutz f\u00fcr Dortmund immer wichtiger<\/h2>\n<p>[\/vc_column_text][vc_empty_space][vc_column_text]Einbr\u00fcche in Dortmund\u00a0sind keine Seltenheit und steigen stetig. In den vergangenen Jahren hat sich die Anzahl der Einbr\u00fcche fast verdoppelt. Dabei beschr\u00e4nken sich die Einbr\u00fcche nicht mehr nur auf die Abend- und Nachtstunden, sondern verlagern sich vermehr auf den Tag. Auch in stark besiedelten Wohngegenden steigen die Einbruchszahlen.<\/p>\n<p>Wir informieren und beraten sie gern und umfassend rund um das Thema Einbruchschutz f\u00fcr Dortmund. Wir kennen die M\u00f6glichkeiten, die Gefahr von Einbr\u00fcchen zu senken und sichern Ihr Haus. Damit verringern Sie die Einbruchquote von Dieben, wie die Polizei best\u00e4tigt.[\/vc_column_text][vc_row_inner][vc_column_inner width=&#8220;1\/2&#8243;][vc_column_text]Sch\u00fctzen Sie Ihre Familie davor, Opfer eines Einbruchdiebstahls zu werden \u2013 mit Sicherheitsschl\u00f6ssern und massiven Beschl\u00e4gen, mit Mehrfachverriegelungen und Fenstersicherungen.<\/p>\n<p>Wir sind ein kompetenter Schl\u00fcsseldienst und st\u00e4ndig auf dem aktuellen Stand und informieren uns \u00fcber die Methoden von Dieben und Einbrechern. Das Wissen um das Vorgehen erm\u00f6glicht uns, Ihnen eine entsprechende Empfehlung auszusprechen, wie Sie Ihr Objekt optimal sch\u00fctzen k\u00f6nnen. Vertrauen Sie uns. Wir sch\u00fctzen Sie.<\/p>\n<p>Auch bei T\u00fcr\u00f6ffnungen oder als Helfer nach einem Einbruch k\u00f6nnen Sie uns kontaktieren und auf Spezialisten vertrauen. Denn Ihre Unversehrtheit und Ihre Privatsph\u00e4re liegen uns am Herzen.<\/p>\n<p>Damit wir Sie optimal beraten k\u00f6nnen, m\u00fcssen wir uns zun\u00e4chst einen \u00dcberblick \u00fcber Ihr Geb\u00e4ude verschaffen und den aktuellen Bedarf ermitteln. Nur so finden wir den passenden Einbruchschutz.[\/vc_column_text][\/vc_column_inner][vc_column_inner width=&#8220;1\/2&#8243;][vc_single_image image=&#8220;106&#8243; img_size=&#8220;full&#8220; alignment=&#8220;center&#8220; image_hovers=&#8220;false&#8220;][\/vc_column_inner][\/vc_row_inner][vc_row_inner][vc_column_inner][vc_column_text]Wir installieren Ihnen die passende Sicherheitstechnik, welche den Einbruch in Ihr Zuhause, ins B\u00fcro oder Ihren Firmenkomplex uninteressant f\u00fcr potentielle Eibrecher macht. Sichern Sie ihr Geb\u00e4ude durch schwer \u00fcberwindbare Sicherheitstechnik.<\/p>\n<p>Wir finden f\u00fcr jeden die Passende L\u00f6sung. Egal welchen Anspruch Sie an die Sicherung stellen \u2013 wir empfehlen Ihnen das Produkt, das zu Ihren Bed\u00fcrfnissen passt. Vom einfachen Sicherheitsschloss bis hin zu einem massiven Sperrriegel, einer Absicherung f\u00fcr Ihre Fenster und Lichtsch\u00e4chte, sowie Empfehlungen f\u00fcr die Sicherung gro\u00dfer und schwer einsehbarer Grundst\u00fccke.<\/p>\n<p>Vertrauen Sie auf unsere Erfahrung und unseren fachm\u00e4nnischen Service in allen Belangen rund um das Thema T\u00fcrschl\u00f6sser und Einbruchschutz.[\/vc_column_text][\/vc_column_inner][\/vc_row_inner][\/vc_column][\/vc_row][vc_row css=&#8220;.vc_custom_1602870381495{margin-bottom: 35px !important;}&#8220;][vc_column]<div id=\"ultimate-heading-545869e13477878b4\" class=\"uvc-heading ult-adjust-bottom-margin ultimate-heading-545869e13477878b4 uvc-4532  uvc-heading-default-font-sizes\" data-hspacer=\"no_spacer\"  data-halign=\"left\" style=\"text-align:left\"><div class=\"uvc-heading-spacer no_spacer\" style=\"top\"><\/div><div class=\"uvc-main-heading ult-responsive\"  data-ultimate-target='.uvc-heading.ultimate-heading-545869e13477878b4 h2'  data-responsive-json-new='{\"font-size\":\"\",\"line-height\":\"\"}' ><h2 style=\"--font-weight:theme;\">Ihr Schl\u00fcsseldienst mit 24h Service zum g\u00fcnstigen Preis<\/h2><\/div><\/div>[\/vc_column][\/vc_row][vc_row][vc_column][vc_column_text]<\/p>\n<div class=\"gdl-page-float-left\">\n<div class=\"gdl-page-item\">\n<div class=\"sixteen columns mt30\">\n<div class=\"gdl-page-content\">\n<p>Sie k\u00f6nnen unsere Mitarbeiter in allen Stadtteilen Dortmunds kontaktieren und die Leistungsstarken und sicheren Ma\u00dfnahmen zum Einbruchsschutz f\u00fcr Dortmund\u00a0in Anspruch nehmen.<\/p>\n<p>Sie stehen vor verschlossener T\u00fcr und k\u00f6nnen Ihren Schl\u00fcssel nicht finden? Auch nachts, an Wochenenden und Feiertagen nehmen wir Ihren Auftrag ohne Ver\u00f6gerung an. Ein Fachmann wird umgehend zu Ihnen fahren, der sich um die \u00d6ffnung Ihrer Haust\u00fcr k\u00fcmmert und Ihnen binnen Minuten Einlass gew\u00e4hrt.<\/p>\n<p>Kommen Sie nach Hause und Ihre T\u00fcr steht offen? So sind wir die erste Adresse in Dortmund\u00a0und nehmen alle wichtigen Ma\u00dfnahmen nach einem erfolgten Einbruch vor, die notwendig sind.<\/p>\n<\/div>\n<\/div>\n<\/div>\n<\/div>\n<p>[\/vc_column_text][vc_row_inner content_placement=&#8220;middle&#8220;][vc_column_inner width=&#8220;1\/2&#8243;][vc_single_image image=&#8220;102&#8243; img_size=&#8220;full&#8220; alignment=&#8220;center&#8220; image_hovers=&#8220;false&#8220;][\/vc_column_inner][vc_column_inner width=&#8220;1\/2&#8243;][vc_column_text]<\/p>\n<div class=\"gdl-page-float-left\">\n<div class=\"gdl-page-item\">\n<div class=\"sixteen columns mt30\">\n<div class=\"gdl-page-content\">\n<p>Unsere Fachleute sind top qualifiziert. Wir sind damit pr\u00e4destiniert f\u00fcr den Einbruchschutz Ihrer Geb\u00e4ude, Wohnungen oder Gewerbekomplexe. Effektiv und ohne Einschr\u00e4nkungen.<\/p>\n<p>Wir sind 24\/7 f\u00fcr Sie erreichbar. Verzichten Sie auf hohe kosten oder eine Besch\u00e4digung, rufen Sie unseren Schl\u00fcsselnotdienst. Beauftragen Sie uns mit der T\u00fcr\u00f6ffnung oder Fahrzeugentriegelung im Notfall. Wir helfen Ihnen gern!<\/p>\n<p>Wir arbeiten mit pr\u00e4zisem Spezialwerkzeug und unsere Mitarbeiter k\u00f6nnen auf jahrelange Erfahrung bauen. Wir sorgen daf\u00fcr, dass bei der \u00d6ffnung Ihrer T\u00fcr keine sichtbaren Spuren hinterlassen werden und diese nicht ersetzt werden muss. Wir arbeiten zu 99 % ohne Besch\u00e4digungen. Vertrauen Sie auf einen Spezialisten, wenn es um Ihre Sicherheit geht. Das muss nicht teuer sein.<\/p>\n<\/div>\n<\/div>\n<\/div>\n<\/div>\n<div class=\"five columns mt0 gdl-right-sidebar\">\n<div class=\"right-sidebar-wrapper gdl-divider\">\n<div id=\"text-2\" class=\"custom-sidebar gdl-divider widget_text\"><\/div>\n<\/div>\n<\/div>\n<p>[\/vc_column_text][\/vc_column_inner][\/vc_row_inner][\/vc_column][\/vc_row]<\/p>\n","protected":false},"excerpt":{"rendered":"<p>[vc_row css=&#8220;.vc_custom_1602870381495{margin-bottom: 35px !important;}&#8220;][vc_column][vc_column_text] Schl\u00fcsseldienst f\u00fcr Einbruchschutz Dortmund &#8211; f\u00fcr Ihre Sicherheit [\/vc_column_text][vc_empty_space][vc_row_inner][vc_column_inner width=&#8220;1\/2&#8243;][vc_single_image image=&#8220;104&#8243; img_size=&#8220;full&#8220; alignment=&#8220;center&#8220; image_hovers=&#8220;false&#8220;][\/vc_column_inner][vc_column_inner width=&#8220;1\/2&#8243;][vc_column_text]Wir sind Ihr kompetenter Schlosser in Dortmund und stehen Ihnen zur Seite. Mit jahrelanger Erfahrung und modernster Technologie sch\u00fctzen wir Ihr Haus oder Firmengeb\u00e4ude vor Einbruch. Rufen Sie uns an, wenn Sie im Notfall Ihre Haust\u00fcr, Ihre&hellip;<\/p>\n","protected":false},"author":2,"featured_media":0,"parent":295,"menu_order":0,"comment_status":"closed","ping_status":"closed","template":"template-microsite.php","meta":[],"yoast_head":"<!-- This site is optimized with the Yoast SEO plugin v19.8 - https:\/\/yoast.com\/wordpress\/plugins\/seo\/ -->\n<title>Einbruchschutz Dortmund - Sch\u00fctzen Sie Ihre Familie - Mein T\u00fcr\u00f6ffner<\/title>\n<meta name=\"description\" content=\"Qualifizierter Schl\u00fcsseldienst \u2705 T\u00fcr\u00f6ffnung \u2705 Auto\u00f6ffnung \u2705 Einbruchschutz \u2705 Kontakt: \u260e 020830994875 \u27a5 24h Notdienst \u2705 Wartung + Reparatur\" \/>\n<meta name=\"robots\" content=\"index, follow, max-snippet:-1, max-image-preview:large, max-video-preview:-1\" \/>\n<link rel=\"canonical\" href=\"https:\/\/meintueroeffner.de\/index.php\/mein-turoffner-dortmund\/einbruchschutz-dortmund-schutzen-sie-ihre-familie\/\" \/>\n<meta property=\"og:locale\" content=\"de_DE\" \/>\n<meta property=\"og:type\" content=\"article\" \/>\n<meta property=\"og:title\" content=\"Einbruchschutz Dortmund - Sch\u00fctzen Sie Ihre Familie - Mein T\u00fcr\u00f6ffner\" \/>\n<meta property=\"og:description\" content=\"Qualifizierter Schl\u00fcsseldienst \u2705 T\u00fcr\u00f6ffnung \u2705 Auto\u00f6ffnung \u2705 Einbruchschutz \u2705 Kontakt: \u260e 020830994875 \u27a5 24h Notdienst \u2705 Wartung + Reparatur\" \/>\n<meta property=\"og:url\" content=\"https:\/\/meintueroeffner.de\/index.php\/mein-turoffner-dortmund\/einbruchschutz-dortmund-schutzen-sie-ihre-familie\/\" \/>\n<meta property=\"og:site_name\" content=\"Mein T\u00fcr\u00f6ffner\" \/>\n<meta property=\"article:modified_time\" content=\"2023-01-25T11:06:19+00:00\" \/>\n<meta name=\"twitter:card\" content=\"summary_large_image\" \/>\n<meta name=\"twitter:label1\" content=\"Gesch\u00e4tzte Lesezeit\" \/>\n\t<meta name=\"twitter:data1\" content=\"4\u00a0Minuten\" \/>\n<script type=\"application\/ld+json\" class=\"yoast-schema-graph\">{\"@context\":\"https:\/\/schema.org\",\"@graph\":[{\"@type\":\"WebPage\",\"@id\":\"https:\/\/meintueroeffner.de\/index.php\/mein-turoffner-dortmund\/einbruchschutz-dortmund-schutzen-sie-ihre-familie\/\",\"url\":\"https:\/\/meintueroeffner.de\/index.php\/mein-turoffner-dortmund\/einbruchschutz-dortmund-schutzen-sie-ihre-familie\/\",\"name\":\"Einbruchschutz Dortmund - Sch\u00fctzen Sie Ihre Familie - Mein T\u00fcr\u00f6ffner\",\"isPartOf\":{\"@id\":\"https:\/\/meintueroeffner.de\/#website\"},\"datePublished\":\"2020-11-22T09:53:40+00:00\",\"dateModified\":\"2023-01-25T11:06:19+00:00\",\"description\":\"Qualifizierter Schl\u00fcsseldienst \u2705 T\u00fcr\u00f6ffnung \u2705 Auto\u00f6ffnung \u2705 Einbruchschutz \u2705 Kontakt: \u260e 020830994875 \u27a5 24h Notdienst \u2705 Wartung + Reparatur\",\"breadcrumb\":{\"@id\":\"https:\/\/meintueroeffner.de\/index.php\/mein-turoffner-dortmund\/einbruchschutz-dortmund-schutzen-sie-ihre-familie\/#breadcrumb\"},\"inLanguage\":\"de-DE\",\"potentialAction\":[{\"@type\":\"ReadAction\",\"target\":[\"https:\/\/meintueroeffner.de\/index.php\/mein-turoffner-dortmund\/einbruchschutz-dortmund-schutzen-sie-ihre-familie\/\"]}]},{\"@type\":\"BreadcrumbList\",\"@id\":\"https:\/\/meintueroeffner.de\/index.php\/mein-turoffner-dortmund\/einbruchschutz-dortmund-schutzen-sie-ihre-familie\/#breadcrumb\",\"itemListElement\":[{\"@type\":\"ListItem\",\"position\":1,\"name\":\"Home\",\"item\":\"https:\/\/meintueroeffner.de\/\"},{\"@type\":\"ListItem\",\"position\":2,\"name\":\"Mein T\u00fcr\u00f6ffner Dortmund\",\"item\":\"https:\/\/meintueroeffner.de\/index.php\/mein-turoffner-dortmund\/\"},{\"@type\":\"ListItem\",\"position\":3,\"name\":\"Einbruchschutz Dortmund &#8211; Sch\u00fctzen Sie Ihre Familie\"}]},{\"@type\":\"WebSite\",\"@id\":\"https:\/\/meintueroeffner.de\/#website\",\"url\":\"https:\/\/meintueroeffner.de\/\",\"name\":\"Mein T\u00fcr\u00f6ffner\",\"description\":\"\",\"potentialAction\":[{\"@type\":\"SearchAction\",\"target\":{\"@type\":\"EntryPoint\",\"urlTemplate\":\"https:\/\/meintueroeffner.de\/?s={search_term_string}\"},\"query-input\":\"required name=search_term_string\"}],\"inLanguage\":\"de-DE\"}]}<\/script>\n<!-- \/ Yoast SEO plugin. -->","yoast_head_json":{"title":"Einbruchschutz Dortmund - Sch\u00fctzen Sie Ihre Familie - Mein T\u00fcr\u00f6ffner","description":"Qualifizierter Schl\u00fcsseldienst \u2705 T\u00fcr\u00f6ffnung \u2705 Auto\u00f6ffnung \u2705 Einbruchschutz \u2705 Kontakt: \u260e 020830994875 \u27a5 24h Notdienst \u2705 Wartung + Reparatur","robots":{"index":"index","follow":"follow","max-snippet":"max-snippet:-1","max-image-preview":"max-image-preview:large","max-video-preview":"max-video-preview:-1"},"canonical":"https:\/\/meintueroeffner.de\/index.php\/mein-turoffner-dortmund\/einbruchschutz-dortmund-schutzen-sie-ihre-familie\/","og_locale":"de_DE","og_type":"article","og_title":"Einbruchschutz Dortmund - Sch\u00fctzen Sie Ihre Familie - Mein T\u00fcr\u00f6ffner","og_description":"Qualifizierter Schl\u00fcsseldienst \u2705 T\u00fcr\u00f6ffnung \u2705 Auto\u00f6ffnung \u2705 Einbruchschutz \u2705 Kontakt: \u260e 020830994875 \u27a5 24h Notdienst \u2705 Wartung + Reparatur","og_url":"https:\/\/meintueroeffner.de\/index.php\/mein-turoffner-dortmund\/einbruchschutz-dortmund-schutzen-sie-ihre-familie\/","og_site_name":"Mein T\u00fcr\u00f6ffner","article_modified_time":"2023-01-25T11:06:19+00:00","twitter_card":"summary_large_image","twitter_misc":{"Gesch\u00e4tzte Lesezeit":"4\u00a0Minuten"},"schema":{"@context":"https:\/\/schema.org","@graph":[{"@type":"WebPage","@id":"https:\/\/meintueroeffner.de\/index.php\/mein-turoffner-dortmund\/einbruchschutz-dortmund-schutzen-sie-ihre-familie\/","url":"https:\/\/meintueroeffner.de\/index.php\/mein-turoffner-dortmund\/einbruchschutz-dortmund-schutzen-sie-ihre-familie\/","name":"Einbruchschutz Dortmund - Sch\u00fctzen Sie Ihre Familie - Mein T\u00fcr\u00f6ffner","isPartOf":{"@id":"https:\/\/meintueroeffner.de\/#website"},"datePublished":"2020-11-22T09:53:40+00:00","dateModified":"2023-01-25T11:06:19+00:00","description":"Qualifizierter Schl\u00fcsseldienst \u2705 T\u00fcr\u00f6ffnung \u2705 Auto\u00f6ffnung \u2705 Einbruchschutz \u2705 Kontakt: \u260e 020830994875 \u27a5 24h Notdienst \u2705 Wartung + Reparatur","breadcrumb":{"@id":"https:\/\/meintueroeffner.de\/index.php\/mein-turoffner-dortmund\/einbruchschutz-dortmund-schutzen-sie-ihre-familie\/#breadcrumb"},"inLanguage":"de-DE","potentialAction":[{"@type":"ReadAction","target":["https:\/\/meintueroeffner.de\/index.php\/mein-turoffner-dortmund\/einbruchschutz-dortmund-schutzen-sie-ihre-familie\/"]}]},{"@type":"BreadcrumbList","@id":"https:\/\/meintueroeffner.de\/index.php\/mein-turoffner-dortmund\/einbruchschutz-dortmund-schutzen-sie-ihre-familie\/#breadcrumb","itemListElement":[{"@type":"ListItem","position":1,"name":"Home","item":"https:\/\/meintueroeffner.de\/"},{"@type":"ListItem","position":2,"name":"Mein T\u00fcr\u00f6ffner Dortmund","item":"https:\/\/meintueroeffner.de\/index.php\/mein-turoffner-dortmund\/"},{"@type":"ListItem","position":3,"name":"Einbruchschutz Dortmund &#8211; Sch\u00fctzen Sie Ihre Familie"}]},{"@type":"WebSite","@id":"https:\/\/meintueroeffner.de\/#website","url":"https:\/\/meintueroeffner.de\/","name":"Mein T\u00fcr\u00f6ffner","description":"","potentialAction":[{"@type":"SearchAction","target":{"@type":"EntryPoint","urlTemplate":"https:\/\/meintueroeffner.de\/?s={search_term_string}"},"query-input":"required name=search_term_string"}],"inLanguage":"de-DE"}]}},"_links":{"self":[{"href":"https:\/\/meintueroeffner.de\/index.php\/wp-json\/wp\/v2\/pages\/300"}],"collection":[{"href":"https:\/\/meintueroeffner.de\/index.php\/wp-json\/wp\/v2\/pages"}],"about":[{"href":"https:\/\/meintueroeffner.de\/index.php\/wp-json\/wp\/v2\/types\/page"}],"author":[{"embeddable":true,"href":"https:\/\/meintueroeffner.de\/index.php\/wp-json\/wp\/v2\/users\/2"}],"replies":[{"embeddable":true,"href":"https:\/\/meintueroeffner.de\/index.php\/wp-json\/wp\/v2\/comments?post=300"}],"version-history":[{"count":8,"href":"https:\/\/meintueroeffner.de\/index.php\/wp-json\/wp\/v2\/pages\/300\/revisions"}],"predecessor-version":[{"id":476,"href":"https:\/\/meintueroeffner.de\/index.php\/wp-json\/wp\/v2\/pages\/300\/revisions\/476"}],"up":[{"embeddable":true,"href":"https:\/\/meintueroeffner.de\/index.php\/wp-json\/wp\/v2\/pages\/295"}],"wp:attachment":[{"href":"https:\/\/meintueroeffner.de\/index.php\/wp-json\/wp\/v2\/media?parent=300"}],"curies":[{"name":"wp","href":"https:\/\/api.w.org\/{rel}","templated":true}]}}