{"id":247,"date":"2020-11-16T06:31:17","date_gmt":"2020-11-16T06:31:17","guid":{"rendered":"https:\/\/meintueroeffner.de\/?page_id=247"},"modified":"2023-01-25T11:30:06","modified_gmt":"2023-01-25T11:30:06","slug":"preise-mein-turoffner-hagen","status":"publish","type":"page","link":"https:\/\/meintueroeffner.de\/index.php\/mein-turoffner-hagen\/preise-mein-turoffner-hagen\/","title":{"rendered":"Preise Mein T\u00fcr\u00f6ffner Hagen"},"content":{"rendered":"<p>[vc_row][vc_column]<div id=\"ultimate-heading-781969e0972858239\" class=\"uvc-heading ult-adjust-bottom-margin ultimate-heading-781969e0972858239 uvc-5082  uvc-heading-default-font-sizes\" data-hspacer=\"no_spacer\"  data-halign=\"left\" style=\"text-align:left\"><div class=\"uvc-heading-spacer no_spacer\" style=\"top\"><\/div><div class=\"uvc-main-heading ult-responsive\"  data-ultimate-target='.uvc-heading.ultimate-heading-781969e0972858239 h2'  data-responsive-json-new='{\"font-size\":\"\",\"line-height\":\"\"}' ><h2 style=\"--font-weight:theme;\">Die Preise vom Schl\u00fcsseldienst<\/h2><\/div><\/div>[vc_empty_space][vc_column_text]So sind die Preise vom Schl\u00fcsseldienst: Es ist nicht ungew\u00f6hnlich, dass sich jemand versehentlich aus seiner eigenen Wohnung aussperrt oder den Schl\u00fcssel verliert. Im Notfall ist jedoch Vorsicht geboten. Vertrauen Sie den Experten, wenn es darum geht, das Schloss zu \u00f6ffnen, um negative Folgen zu vermeiden.<\/p>\n<p>Wir bieten Ihnen g\u00fcnstige Preise f\u00fcr Einbruchschutz und Sicherheitstechnik, f\u00fcr alle Arten von T\u00fcr\u00f6ffnungen und auch f\u00fcr alle anderen wichtigen Rettungsdienste. Immer mit voller Kostentransparenz.[\/vc_column_text][\/vc_column][\/vc_row][vc_row css=&#8220;.vc_custom_1603345708687{margin-top: 30px !important;border-bottom-width: 30px !important;}&#8220;][vc_column][vc_column_text]<\/p>\n<h2>Schl\u00fcsseldienst f\u00fcr Hagen Preise f\u00fcr eine Not\u00f6ffnung<\/h2>\n<p>[\/vc_column_text][vc_empty_space][vc_row_inner content_placement=&#8220;middle&#8220;][vc_column_inner width=&#8220;1\/2&#8243;][vc_column_text]Sollten Sie auf einen unseri\u00f6sen Anbieter hereinfallen, kann das kostspielig und langwierig f\u00fcr Sie werden. Holen Sie sich daher im Vorab ein Kostenangebot ein und vergleichen Sie dies gr\u00fcndlich. Wir geben Ihnen unser Versprechen f\u00fcr besten Service und Qualit\u00e4tsarbeit zu g\u00fcnstigen Preisen. Immer transparent und nachvollziehbar.<\/p>\n<p>&nbsp;<\/p>\n<p><strong>Rund um die Uhr \u2013 24 Stunden\/7 Tage in der Woche sind Mitarbeiter telefonisch f\u00fcr Sie erreichbar. Nach einem Anruf ermitteln sie Ihnen vor Ort sofort verbindlich und transparent die Preise f\u00fcr eine \u00d6ffnung Ihrer T\u00fcr.<\/strong>[\/vc_column_text][\/vc_column_inner][vc_column_inner width=&#8220;1\/2&#8243;][vc_single_image image=&#8220;67&#8243; img_size=&#8220;full&#8220; alignment=&#8220;center&#8220; image_hovers=&#8220;false&#8220;][\/vc_column_inner][\/vc_row_inner][\/vc_column][\/vc_row][vc_row][vc_column]<div id=\"ultimate-heading-747269e097285828e\" class=\"uvc-heading ult-adjust-bottom-margin ultimate-heading-747269e097285828e uvc-49  uvc-heading-default-font-sizes\" data-hspacer=\"no_spacer\"  data-halign=\"left\" style=\"text-align:left\"><div class=\"uvc-heading-spacer no_spacer\" style=\"top\"><\/div><div class=\"uvc-main-heading ult-responsive\"  data-ultimate-target='.uvc-heading.ultimate-heading-747269e097285828e h2'  data-responsive-json-new='{\"font-size\":\"\",\"line-height\":\"\"}' ><h2 style=\"--font-weight:theme;\">Die Leistungen als Schl\u00fcsseldienst im \u00dcberblick:<\/h2><\/div><\/div>[vc_empty_space]<div class=\"standard-arrow list-divider bullet-top\"><ul>\n<li>Schadenfreie Not\u00f6ffnung von Haus- und Wohnungst\u00fcren<\/li>\n<li>Schl\u00fcsseldienst f\u00fcr Fahrzeuge, PKWs aller Marken<\/li>\n<li>\u00d6ffnung von Tresoren, Sicherheitsschr\u00e4nken, Briefk\u00e4sten, Garagen, uvm<\/li>\n<li><\/li>\n<\/ul>\n<\/div>[\/vc_column][\/vc_row][vc_row css=&#8220;.vc_custom_1603345750471{margin-top: 30px !important;}&#8220;][vc_column][vc_column_text]<\/p>\n<h2>Wof\u00fcr fallen Kosten beim Schl\u00fcsseldienst f\u00fcr Hagen an?<\/h2>\n<p>[\/vc_column_text][vc_empty_space][vc_column_text]Nat\u00fcrlich ist Ihr Interesse als Auftraggeber daf\u00fcr, wie sich die Kosten beim\u00a0<strong><a href=\"https:\/\/meintueroeffner.de\/index.php\/mein-turoffner-hagen\/schlusseldienst-hagen-umfassende-leistungen\/\">Schl\u00fcsseldienst Hagen<\/a><\/strong>\u00a0zusammensetzen, nachvollziehbar. Dessen sind wir uns bewusst und daher setzen wir auf volle Kostentransparenz.<\/p>\n<p>Wir arbeiten nur mit modernster Technik und professionellen Pr\u00e4zisionswerkzeugen. Wir gehen stets behutsam vor, um unsere T\u00e4tigkeit ohne Besch\u00e4digungen abzuschlie\u00dfen. Das ben\u00f6tigt Zeit und verbraucht Material, was zum Beispiel f\u00fcr den Einsatz eines neuen Schlie\u00dfzylinders anfallen.<\/p>\n<p>Desweiteren spielt auch die Uhrzeit und der Wochentag eine gro\u00dfe Rolle.[\/vc_column_text][vc_row_inner][vc_column_inner width=&#8220;1\/2&#8243;][vc_single_image image=&#8220;106&#8243; img_size=&#8220;full&#8220; alignment=&#8220;center&#8220; image_hovers=&#8220;false&#8220;][\/vc_column_inner][vc_column_inner width=&#8220;1\/2&#8243;][vc_column_text]Ebenfalls in die Kosten f\u00e4llt die Anfahrt, welche zus\u00e4tzliche Zeit beansprucht. Daf\u00fcr erheben wir eine Anfahrtspauschale. Unsere Mitarbeiter sind rund um die Uhr f\u00fcr Sie einsatzbereit \u2013 jeden Tag, 24 h pro Tag, 365 Tage im Jahr.<\/p>\n<p>Das wissen unsere Kunden sehr zu sch\u00e4tzen. Treffen Sie keine falsche Entscheidung und kontaktieren Sie einen unseri\u00f6sen Dienstleister, sondern melden Sie sich bei uns. Wir bieten Ihnen beste Konditionen und g\u00fcnstige Preise. Sie erhalten einen unvergleichbaren Service.[\/vc_column_text][\/vc_column_inner][\/vc_row_inner][\/vc_column][\/vc_row]<\/p>\n","protected":false},"excerpt":{"rendered":"<p>[vc_row][vc_column][vc_empty_space][vc_column_text]So sind die Preise vom Schl\u00fcsseldienst: Es ist nicht ungew\u00f6hnlich, dass sich jemand versehentlich aus seiner eigenen Wohnung aussperrt oder den Schl\u00fcssel verliert. Im Notfall ist jedoch Vorsicht geboten. Vertrauen Sie den Experten, wenn es darum geht, das Schloss zu \u00f6ffnen, um negative Folgen zu vermeiden. Wir bieten Ihnen g\u00fcnstige Preise f\u00fcr Einbruchschutz und Sicherheitstechnik,&hellip;<\/p>\n","protected":false},"author":2,"featured_media":0,"parent":170,"menu_order":0,"comment_status":"closed","ping_status":"closed","template":"template-microsite.php","meta":[],"yoast_head":"<!-- This site is optimized with the Yoast SEO plugin v19.8 - https:\/\/yoast.com\/wordpress\/plugins\/seo\/ -->\n<title>Preise Mein T\u00fcr\u00f6ffner Hagen - Mein T\u00fcr\u00f6ffner<\/title>\n<meta name=\"description\" content=\"Preise: MeinT\u00fcr\u00f6ffner \u2705 T\u00fcr\u00f6ffnung \u2705 Auto\u00f6ffnung \u2705 Einbruchschutz \u2705 Kontakt: \u260e 020830994875 \u27a5 24h Notdienst\" \/>\n<meta name=\"robots\" content=\"index, follow, max-snippet:-1, max-image-preview:large, max-video-preview:-1\" \/>\n<link rel=\"canonical\" href=\"https:\/\/meintueroeffner.de\/index.php\/mein-turoffner-hagen\/preise-mein-turoffner-hagen\/\" \/>\n<meta property=\"og:locale\" content=\"de_DE\" \/>\n<meta property=\"og:type\" content=\"article\" \/>\n<meta property=\"og:title\" content=\"Preise Mein T\u00fcr\u00f6ffner Hagen - Mein T\u00fcr\u00f6ffner\" \/>\n<meta property=\"og:description\" content=\"Preise: MeinT\u00fcr\u00f6ffner \u2705 T\u00fcr\u00f6ffnung \u2705 Auto\u00f6ffnung \u2705 Einbruchschutz \u2705 Kontakt: \u260e 020830994875 \u27a5 24h Notdienst\" \/>\n<meta property=\"og:url\" content=\"https:\/\/meintueroeffner.de\/index.php\/mein-turoffner-hagen\/preise-mein-turoffner-hagen\/\" \/>\n<meta property=\"og:site_name\" content=\"Mein T\u00fcr\u00f6ffner\" \/>\n<meta property=\"article:modified_time\" content=\"2023-01-25T11:30:06+00:00\" \/>\n<meta name=\"twitter:card\" content=\"summary_large_image\" \/>\n<meta name=\"twitter:label1\" content=\"Gesch\u00e4tzte Lesezeit\" \/>\n\t<meta name=\"twitter:data1\" content=\"3\u00a0Minuten\" \/>\n<script type=\"application\/ld+json\" class=\"yoast-schema-graph\">{\"@context\":\"https:\/\/schema.org\",\"@graph\":[{\"@type\":\"WebPage\",\"@id\":\"https:\/\/meintueroeffner.de\/index.php\/mein-turoffner-hagen\/preise-mein-turoffner-hagen\/\",\"url\":\"https:\/\/meintueroeffner.de\/index.php\/mein-turoffner-hagen\/preise-mein-turoffner-hagen\/\",\"name\":\"Preise Mein T\u00fcr\u00f6ffner Hagen - Mein T\u00fcr\u00f6ffner\",\"isPartOf\":{\"@id\":\"https:\/\/meintueroeffner.de\/#website\"},\"datePublished\":\"2020-11-16T06:31:17+00:00\",\"dateModified\":\"2023-01-25T11:30:06+00:00\",\"description\":\"Preise: MeinT\u00fcr\u00f6ffner \u2705 T\u00fcr\u00f6ffnung \u2705 Auto\u00f6ffnung \u2705 Einbruchschutz \u2705 Kontakt: \u260e 020830994875 \u27a5 24h Notdienst\",\"breadcrumb\":{\"@id\":\"https:\/\/meintueroeffner.de\/index.php\/mein-turoffner-hagen\/preise-mein-turoffner-hagen\/#breadcrumb\"},\"inLanguage\":\"de-DE\",\"potentialAction\":[{\"@type\":\"ReadAction\",\"target\":[\"https:\/\/meintueroeffner.de\/index.php\/mein-turoffner-hagen\/preise-mein-turoffner-hagen\/\"]}]},{\"@type\":\"BreadcrumbList\",\"@id\":\"https:\/\/meintueroeffner.de\/index.php\/mein-turoffner-hagen\/preise-mein-turoffner-hagen\/#breadcrumb\",\"itemListElement\":[{\"@type\":\"ListItem\",\"position\":1,\"name\":\"Home\",\"item\":\"https:\/\/meintueroeffner.de\/\"},{\"@type\":\"ListItem\",\"position\":2,\"name\":\"Mein T\u00fcr\u00f6ffner Hagen\",\"item\":\"https:\/\/meintueroeffner.de\/index.php\/mein-turoffner-hagen\/\"},{\"@type\":\"ListItem\",\"position\":3,\"name\":\"Preise Mein T\u00fcr\u00f6ffner Hagen\"}]},{\"@type\":\"WebSite\",\"@id\":\"https:\/\/meintueroeffner.de\/#website\",\"url\":\"https:\/\/meintueroeffner.de\/\",\"name\":\"Mein T\u00fcr\u00f6ffner\",\"description\":\"\",\"potentialAction\":[{\"@type\":\"SearchAction\",\"target\":{\"@type\":\"EntryPoint\",\"urlTemplate\":\"https:\/\/meintueroeffner.de\/?s={search_term_string}\"},\"query-input\":\"required name=search_term_string\"}],\"inLanguage\":\"de-DE\"}]}<\/script>\n<!-- \/ Yoast SEO plugin. -->","yoast_head_json":{"title":"Preise Mein T\u00fcr\u00f6ffner Hagen - Mein T\u00fcr\u00f6ffner","description":"Preise: MeinT\u00fcr\u00f6ffner \u2705 T\u00fcr\u00f6ffnung \u2705 Auto\u00f6ffnung \u2705 Einbruchschutz \u2705 Kontakt: \u260e 020830994875 \u27a5 24h Notdienst","robots":{"index":"index","follow":"follow","max-snippet":"max-snippet:-1","max-image-preview":"max-image-preview:large","max-video-preview":"max-video-preview:-1"},"canonical":"https:\/\/meintueroeffner.de\/index.php\/mein-turoffner-hagen\/preise-mein-turoffner-hagen\/","og_locale":"de_DE","og_type":"article","og_title":"Preise Mein T\u00fcr\u00f6ffner Hagen - Mein T\u00fcr\u00f6ffner","og_description":"Preise: MeinT\u00fcr\u00f6ffner \u2705 T\u00fcr\u00f6ffnung \u2705 Auto\u00f6ffnung \u2705 Einbruchschutz \u2705 Kontakt: \u260e 020830994875 \u27a5 24h Notdienst","og_url":"https:\/\/meintueroeffner.de\/index.php\/mein-turoffner-hagen\/preise-mein-turoffner-hagen\/","og_site_name":"Mein T\u00fcr\u00f6ffner","article_modified_time":"2023-01-25T11:30:06+00:00","twitter_card":"summary_large_image","twitter_misc":{"Gesch\u00e4tzte Lesezeit":"3\u00a0Minuten"},"schema":{"@context":"https:\/\/schema.org","@graph":[{"@type":"WebPage","@id":"https:\/\/meintueroeffner.de\/index.php\/mein-turoffner-hagen\/preise-mein-turoffner-hagen\/","url":"https:\/\/meintueroeffner.de\/index.php\/mein-turoffner-hagen\/preise-mein-turoffner-hagen\/","name":"Preise Mein T\u00fcr\u00f6ffner Hagen - Mein T\u00fcr\u00f6ffner","isPartOf":{"@id":"https:\/\/meintueroeffner.de\/#website"},"datePublished":"2020-11-16T06:31:17+00:00","dateModified":"2023-01-25T11:30:06+00:00","description":"Preise: MeinT\u00fcr\u00f6ffner \u2705 T\u00fcr\u00f6ffnung \u2705 Auto\u00f6ffnung \u2705 Einbruchschutz \u2705 Kontakt: \u260e 020830994875 \u27a5 24h Notdienst","breadcrumb":{"@id":"https:\/\/meintueroeffner.de\/index.php\/mein-turoffner-hagen\/preise-mein-turoffner-hagen\/#breadcrumb"},"inLanguage":"de-DE","potentialAction":[{"@type":"ReadAction","target":["https:\/\/meintueroeffner.de\/index.php\/mein-turoffner-hagen\/preise-mein-turoffner-hagen\/"]}]},{"@type":"BreadcrumbList","@id":"https:\/\/meintueroeffner.de\/index.php\/mein-turoffner-hagen\/preise-mein-turoffner-hagen\/#breadcrumb","itemListElement":[{"@type":"ListItem","position":1,"name":"Home","item":"https:\/\/meintueroeffner.de\/"},{"@type":"ListItem","position":2,"name":"Mein T\u00fcr\u00f6ffner Hagen","item":"https:\/\/meintueroeffner.de\/index.php\/mein-turoffner-hagen\/"},{"@type":"ListItem","position":3,"name":"Preise Mein T\u00fcr\u00f6ffner Hagen"}]},{"@type":"WebSite","@id":"https:\/\/meintueroeffner.de\/#website","url":"https:\/\/meintueroeffner.de\/","name":"Mein T\u00fcr\u00f6ffner","description":"","potentialAction":[{"@type":"SearchAction","target":{"@type":"EntryPoint","urlTemplate":"https:\/\/meintueroeffner.de\/?s={search_term_string}"},"query-input":"required name=search_term_string"}],"inLanguage":"de-DE"}]}},"_links":{"self":[{"href":"https:\/\/meintueroeffner.de\/index.php\/wp-json\/wp\/v2\/pages\/247"}],"collection":[{"href":"https:\/\/meintueroeffner.de\/index.php\/wp-json\/wp\/v2\/pages"}],"about":[{"href":"https:\/\/meintueroeffner.de\/index.php\/wp-json\/wp\/v2\/types\/page"}],"author":[{"embeddable":true,"href":"https:\/\/meintueroeffner.de\/index.php\/wp-json\/wp\/v2\/users\/2"}],"replies":[{"embeddable":true,"href":"https:\/\/meintueroeffner.de\/index.php\/wp-json\/wp\/v2\/comments?post=247"}],"version-history":[{"count":4,"href":"https:\/\/meintueroeffner.de\/index.php\/wp-json\/wp\/v2\/pages\/247\/revisions"}],"predecessor-version":[{"id":493,"href":"https:\/\/meintueroeffner.de\/index.php\/wp-json\/wp\/v2\/pages\/247\/revisions\/493"}],"up":[{"embeddable":true,"href":"https:\/\/meintueroeffner.de\/index.php\/wp-json\/wp\/v2\/pages\/170"}],"wp:attachment":[{"href":"https:\/\/meintueroeffner.de\/index.php\/wp-json\/wp\/v2\/media?parent=247"}],"curies":[{"name":"wp","href":"https:\/\/api.w.org\/{rel}","templated":true}]}}