{"id":224,"date":"2020-11-16T05:20:20","date_gmt":"2020-11-16T05:20:20","guid":{"rendered":"https:\/\/meintueroeffner.de\/?page_id=224"},"modified":"2023-01-25T11:30:51","modified_gmt":"2023-01-25T11:30:51","slug":"schlusseldienst-hagen-umfassende-leistungen","status":"publish","type":"page","link":"https:\/\/meintueroeffner.de\/index.php\/mein-turoffner-hagen\/schlusseldienst-hagen-umfassende-leistungen\/","title":{"rendered":"Schl\u00fcsseldienst Hagen &#8211; Umfassende Leistungen"},"content":{"rendered":"<p>[vc_row][vc_column]<div id=\"ultimate-heading-500669e0658668566\" class=\"uvc-heading ult-adjust-bottom-margin ultimate-heading-500669e0658668566 uvc-2209  uvc-heading-default-font-sizes\" data-hspacer=\"no_spacer\"  data-halign=\"left\" style=\"text-align:left\"><div class=\"uvc-heading-spacer no_spacer\" style=\"top\"><\/div><div class=\"uvc-main-heading ult-responsive\"  data-ultimate-target='.uvc-heading.ultimate-heading-500669e0658668566 h2'  data-responsive-json-new='{\"font-size\":\"\",\"line-height\":\"\"}' ><h2 style=\"--font-weight:theme;\">Informationen \u00fcber Schl\u00fcsseldienst Helfer - Mein T\u00fcr\u00f6ffner<\/h2><\/div><\/div>[vc_empty_space][vc_column_text]Der Schl\u00fcsseldienst &#8211; Mein T\u00fcr\u00f6ffner Hagen kennt das Ph\u00e4nomen, dass Menschen ihren Schl\u00fcssel versehentlich von Innen haben stecken lassen oder die Haust\u00fcr pl\u00f6tzlich durch einen Windsto\u00df zugeschlagen ist, besser als viele andere. Oftmals ist auch Unachtsamkeit der Grund f\u00fcr eine verschlossen T\u00fcr.<\/p>\n<p>Aber nicht nur solche harmlosen Gegebenheiten sind allt\u00e4glich. Auch Einbr\u00fcche und Diebstahlsdelikte stehen an der Tagesordnung.<\/p>\n<p>Wir haben es uns daher zur Lebensaufgabe gemacht, Sie umfassend zu beraten und Ihre h\u00e4usliche Sicherheit zu sch\u00fctzen. Von der Vorsorge \u00fcber die Instandhaltung und Reparatur bis hin zur Nothilfe.[\/vc_column_text][\/vc_column][\/vc_row][vc_row][vc_column]<div id=\"ultimate-heading-202469e0658668598\" class=\"uvc-heading ult-adjust-bottom-margin ultimate-heading-202469e0658668598 uvc-3956  uvc-heading-default-font-sizes\" data-hspacer=\"no_spacer\"  data-halign=\"left\" style=\"text-align:left\"><div class=\"uvc-heading-spacer no_spacer\" style=\"top\"><\/div><div class=\"uvc-main-heading ult-responsive\"  data-ultimate-target='.uvc-heading.ultimate-heading-202469e0658668598 h2'  data-responsive-json-new='{\"font-size\":\"\",\"line-height\":\"\"}' ><h2 style=\"--font-weight:theme;\">Kostenfreie und kompetente Beratung<\/h2><\/div><\/div>[vc_empty_space][vc_column_text]Wir nehmen uns ausreichend Zeit f\u00fcr die professionelle und umfassende Beratung unserer Kunden, um alle Eventualit\u00e4ten in unsere Probleml\u00f6sung einflie\u00dfen lassen zu k\u00f6nnen.<\/p>\n<p>Die Beratungen des Schl\u00fcsseldiensthelfer f\u00fcr Hagen sind stets kostenfrei und unverbindlich.[\/vc_column_text][vc_row_inner][vc_column_inner width=&#8220;2\/3&#8243;][vc_column_text]Mit Geschick und Fachwissen sind wir der Schl\u00fcsseldiensthelfer aus Hagen umfassend und kompetent f\u00fcr Sie da und sch\u00fctzen Sie vor Einbr\u00fcchen und anderen Gefahren zu sch\u00fctzen.<\/p>\n<p>Eine fachkundige Beratung muss nicht teuer sein. Daher raten wir Ihnen dringend, professionelle Dienstleistungen in Anspruch zu nehmen, um die Sicherheit Ihrer Wohnung zu gew\u00e4hrleisten. Einbrecher kennen die kleinsten Sicherheitsl\u00fccken sehr genau und sind vielen Haus- und Wohnungsbewohnern oftmals einen Schritt voraus.[\/vc_column_text][\/vc_column_inner][vc_column_inner width=&#8220;1\/3&#8243;][vc_single_image image=&#8220;112&#8243; img_size=&#8220;full&#8220; alignment=&#8220;center&#8220; image_hovers=&#8220;false&#8220;][\/vc_column_inner][\/vc_row_inner][vc_column_text]Sch\u00fctzen Sie sich und Ihre Sachen. Lassen Sie sich beraten.<\/p>\n<p>Wir beraten Sie auch jederzeit zu neuen Schl\u00f6ssern, Fenstersicherheitssystemen, Alarmsystemen &amp; Co. \u00dcberall in Hagen, direkt an Ihrem Standort, je nach Ihrer individuellen Situation. Denkw\u00fcrdig und nachhaltig.[\/vc_column_text][\/vc_column][\/vc_row][vc_row][vc_column]<div id=\"ultimate-heading-222669e06586685b0\" class=\"uvc-heading ult-adjust-bottom-margin ultimate-heading-222669e06586685b0 uvc-5476  uvc-heading-default-font-sizes\" data-hspacer=\"no_spacer\"  data-halign=\"left\" style=\"text-align:left\"><div class=\"uvc-heading-spacer no_spacer\" style=\"top\"><\/div><div class=\"uvc-main-heading ult-responsive\"  data-ultimate-target='.uvc-heading.ultimate-heading-222669e06586685b0 h2'  data-responsive-json-new='{\"font-size\":\"\",\"line-height\":\"\"}' ><h2 style=\"--font-weight:theme;\">Einbruch- und Sicherheitstechnik<\/h2><\/div><\/div>[vc_empty_space][vc_row_inner][vc_column_inner width=&#8220;1\/3&#8243;][vc_single_image image=&#8220;113&#8243; img_size=&#8220;full&#8220; alignment=&#8220;center&#8220; image_hovers=&#8220;false&#8220;][\/vc_column_inner][vc_column_inner width=&#8220;2\/3&#8243;][vc_column_text]Ca. 80% aller Einbr\u00fcche bleiben ungekl\u00e4rt. Eine gro\u00dfe Anzahl. Das wissen wir nur zu gut. Umso wichtiger ist es, die Sicherheit durch Fenster- und T\u00fcrsicherheitsvorrichtungen wie T\u00fcrpanzer oder zahlreiche andere Optionen zur Sicherung Ihrer Sachen zu gew\u00e4hrleisten, die wir installieren k\u00f6nnen. Einschlie\u00dflich Sicherheitsschl\u00f6sser und \u00dcberwachungskameras. Als Verbraucher sollten Sie sich umfassend informieren, um sich und andere zu sch\u00fctzen.[\/vc_column_text][\/vc_column_inner][\/vc_row_inner][vc_column_text]Umfassende Informationen zu erhalten ist nicht immer einfach. Vertrauen Sie also einem kompetenten Partner und lassen Sie sich umfassend beraten. Auf diese Weise werden Sie auch nicht Opfer von Einbr\u00fcchen. Unser Beratungsservice ist kostenlos \u2013 worauf warten Sie noch?<\/p>\n<p>In einer Stadt wie Hagen mit mehr als 100.000 Tausend Einwohnern werden alle drei Minuten Wohnungen, H\u00e4user und Autos aufgebrochen!<\/p>\n<p>Kommen Sie zu uns \u2013 f\u00fcr Ihren Notdienstschl\u00fcssel.[\/vc_column_text][\/vc_column][\/vc_row][vc_row][vc_column][vc_column_text]<\/p>\n<h2>Not\u00f6ffnungen in Hagen<\/h2>\n<p>[\/vc_column_text][vc_empty_space][vc_column_text]Manchmal reicht eine kurze Ablenkung und schon ist die T\u00fcr hinter Ihnen ins Schloss gefallen. Der Schl\u00fcssel steckt von Innen oder liegt noch auf der Ablage im Flur? Wenn Sie in dieser Situation nicht auf die Hilfe von Nachbarn oder Familie zur\u00fcckgreifen kann, der muss den Schl\u00fcsseldienst in Hagen rufen.<\/p>\n<p>Sie m\u00fcssen im Notfall nicht lange warten, wir sind rund um die Uhr f\u00fcr Sie erreichbar und innerhalb weniger Minuten bei Ihnen vor Ort. Egal wann, selbst mitten in der Nacht. Immer zu fairen Preisen und Konditionen.<\/p>\n<p>Wir stellen uns jeder Herausforderung in Bezug auf die \u00d6ffnung eines Schlosses. Wir sind immer zur Stelle, wenn Sie uns brauchen, egal weshalb Sie unsere Hilfe ben\u00f6tigen. Ob vergessener Schl\u00fcssel oder abgebrochener Schl\u00fcssel. Ob defekte Schlie\u00dfanlage oder besch\u00e4digtes Schloss.[\/vc_column_text][\/vc_column][\/vc_row][vc_row][vc_column][vc_column_text]<\/p>\n<h2>Leistungen vom Schl\u00fcsseldienst f\u00fcr Hagen<\/h2>\n<p>[\/vc_column_text][vc_empty_space][vc_row_inner][vc_column_inner width=&#8220;1\/2&#8243;][vc_column_text]Der Schl\u00fcsseldienst f\u00fcr Hagen hat mehr als nur Ersatzschl\u00fcssel und T\u00fcrpanzer im Portfolio. Lassen Sie sich von uns individuell beraten, damit Sie der Sicherheit zu Hause eine solide Basis geben. Aber auch die Tresorschl\u00f6sser sind ein sehr attraktives Themengebiet, in dem der Hagener\u00a0Schl\u00fcsseldienst spezialisiert ist.<\/p>\n<p>Wir beraten Sie auf Wunsch gern auch zu den Themen Alarmanlagen-Anbringung.<\/p>\n<p>Daneben k\u00f6nnen wir Sie kompetent unterst\u00fctzen, sollten Sie Schwierigkeiten mit Ihrem Schloss an einem Ihrer Fahrzeuge haben, egal ob Auto oder Motorrad.[\/vc_column_text][\/vc_column_inner][vc_column_inner width=&#8220;1\/2&#8243;][vc_single_image image=&#8220;99&#8243; img_size=&#8220;full&#8220; alignment=&#8220;center&#8220; image_hovers=&#8220;false&#8220;][\/vc_column_inner][\/vc_row_inner][vc_column_text]Die Sicherheitstechnik, wie Kameras und besondere Schl\u00f6sser sowie Verriegelungen, sind den Falkenseeern vom Schl\u00fcsseldienst nat\u00fcrlich auch nicht unbekannt. Wir bieten Ihnen einen 24\/7 Service. Auch An- und Neufertigungen von Schl\u00fcsseln \u00fcbernehmen wir gern.<\/p>\n<p>Das Leistungsspektrum des Schl\u00fcsseldiensthelfer aus Hagen vielseitig und auf all das abgestimmt, was gesch\u00fctzt und gesichert werden muss sowie einen Schl\u00fcssel\/Schloss aufweist. Mehr dazu finden Sie auch unter <a href=\"https:\/\/meintueroeffner.de\/index.php\/mein-turoffner-falkensee\/einsatzbereiche-hagen-unsere-servicebereich\/\">Einsatzbereiche<\/a>.[\/vc_column_text][\/vc_column][\/vc_row][vc_row][vc_column][vc_column_text]<\/p>\n<h2>Umfassende Leistungen des Schl\u00fcsseldienstes f\u00fcr Hagen<\/h2>\n<p>[\/vc_column_text][vc_empty_space][vc_row_inner][vc_column_inner width=&#8220;1\/2&#8243;][vc_single_image image=&#8220;115&#8243; img_size=&#8220;full&#8220; alignment=&#8220;center&#8220; image_hovers=&#8220;false&#8220;][\/vc_column_inner][vc_column_inner width=&#8220;1\/2&#8243;][vc_column_text]Die Serviceleistungen und Angebote des Schl\u00fcsseldienstes f\u00fcr Hagen sind im wahrsten Sinne des Wortes vielseitig. Wer glaubt, dass Schl\u00fcsseldienste nur f\u00fcr Not\u00f6ffnungen in der Nacht, bei Verlust des Schl\u00fcssels &amp; Co zust\u00e4ndig sind, liegt falsch.<\/p>\n<p>Neben der Nothilfe vor Ort stehen wir Ihnen beratend zur Seite. Auch bei Sch\u00e4den aufgrund eines Einbruches sind wir f\u00fcr Sie vor Ort und beheben den Schaden schnell und fachkundig und stellen die Sicherheit der Opfer wieder her.<\/p>\n<p>Im Prinzip ist der Schl\u00fcsseldienst f\u00fcr Hagen ein Fachmann f\u00fcr alles. Sei es die Sicherheit, die \u00d6ffnungen von T\u00fcren, die Berater sowie Einbruchsfolgenhelfer. Sie wollen auch Fachmann werden? Offene Stellen finden sie unter <a href=\"https:\/\/meintueroeffner.de\/index.php\/mein-turoffner-hagen\/jobs-schlusseldienst-hagen\/\">Jobs<\/a>.[\/vc_column_text][\/vc_column_inner][\/vc_row_inner][vc_column_text]Es gibt kaum etwas, was f\u00fcr den Schl\u00fcsseldienst Hagen nicht zu l\u00f6sen w\u00e4re. Wir sind kompetenter Ansprechpartner f\u00fcr jedermann und beraten Sie gern ausf\u00fchrlich und umfassen anhand Ihrer Informationen. Dabei k\u00f6nnen wir auf jahrelange erfahrung und Fachwissen zur\u00fcckgreifen.<\/p>\n<p>Egal ob Ihnen die T\u00fcr zugefallen ist, Sie den Autoschl\u00fcssel verloren haben oder Sie sogar Opfer eines Einbruches geworden sind. Der Schl\u00fcsseldienst f\u00fcr Hagen ist zu jeder Tages- und Nachtzeit f\u00fcr Sie vor Ort.<\/p>\n<p>Informieren Sie sich umfassend und vertrauen Sie nicht allen Anbietern, um nicht auf unseri\u00f6se Angebote reinzufallen. Davon gibt es leider zu viele. Mit dem Notdienst des Schl\u00fcsseldienst in Hagen liegen Sie jedoch nie falsch. Fair und zuverl\u00e4ssig sind wir f\u00fcr Sie im Ernstfall vor Ort. Lassen Sie sich fachm\u00e4nnisch und individuell beraten. Kostenfrei und unverbindlich.[\/vc_column_text][\/vc_column][\/vc_row]<\/p>\n","protected":false},"excerpt":{"rendered":"<p>[vc_row][vc_column][vc_empty_space][vc_column_text]Der Schl\u00fcsseldienst &#8211; Mein T\u00fcr\u00f6ffner Hagen kennt das Ph\u00e4nomen, dass Menschen ihren Schl\u00fcssel versehentlich von Innen haben stecken lassen oder die Haust\u00fcr pl\u00f6tzlich durch einen Windsto\u00df zugeschlagen ist, besser als viele andere. Oftmals ist auch Unachtsamkeit der Grund f\u00fcr eine verschlossen T\u00fcr. Aber nicht nur solche harmlosen Gegebenheiten sind allt\u00e4glich. Auch Einbr\u00fcche und Diebstahlsdelikte stehen&hellip;<\/p>\n","protected":false},"author":2,"featured_media":0,"parent":170,"menu_order":0,"comment_status":"closed","ping_status":"closed","template":"template-microsite.php","meta":[],"yoast_head":"<!-- This site is optimized with the Yoast SEO plugin v19.8 - https:\/\/yoast.com\/wordpress\/plugins\/seo\/ -->\n<title>Schl\u00fcsseldienst Hagen - Umfassende Leistungen - Mein T\u00fcr\u00f6ffner<\/title>\n<meta name=\"description\" content=\"Umfassende Leistungen - Hagen \u2705 T\u00fcr\u00f6ffnung \u2705 Auto\u00f6ffnung \u2705 Einbruchschutz \u2705 Kontakt: \u260e 020830994875 \u27a5 24h Notdienst\" \/>\n<meta name=\"robots\" content=\"index, follow, max-snippet:-1, max-image-preview:large, max-video-preview:-1\" \/>\n<link rel=\"canonical\" href=\"https:\/\/meintueroeffner.de\/index.php\/mein-turoffner-hagen\/schlusseldienst-hagen-umfassende-leistungen\/\" \/>\n<meta property=\"og:locale\" content=\"de_DE\" \/>\n<meta property=\"og:type\" content=\"article\" \/>\n<meta property=\"og:title\" content=\"Schl\u00fcsseldienst Hagen - Umfassende Leistungen - Mein T\u00fcr\u00f6ffner\" \/>\n<meta property=\"og:description\" content=\"Umfassende Leistungen - Hagen \u2705 T\u00fcr\u00f6ffnung \u2705 Auto\u00f6ffnung \u2705 Einbruchschutz \u2705 Kontakt: \u260e 020830994875 \u27a5 24h Notdienst\" \/>\n<meta property=\"og:url\" content=\"https:\/\/meintueroeffner.de\/index.php\/mein-turoffner-hagen\/schlusseldienst-hagen-umfassende-leistungen\/\" \/>\n<meta property=\"og:site_name\" content=\"Mein T\u00fcr\u00f6ffner\" \/>\n<meta property=\"article:modified_time\" content=\"2023-01-25T11:30:51+00:00\" \/>\n<meta name=\"twitter:card\" content=\"summary_large_image\" \/>\n<meta name=\"twitter:label1\" content=\"Gesch\u00e4tzte Lesezeit\" \/>\n\t<meta name=\"twitter:data1\" content=\"5\u00a0Minuten\" \/>\n<script type=\"application\/ld+json\" class=\"yoast-schema-graph\">{\"@context\":\"https:\/\/schema.org\",\"@graph\":[{\"@type\":\"WebPage\",\"@id\":\"https:\/\/meintueroeffner.de\/index.php\/mein-turoffner-hagen\/schlusseldienst-hagen-umfassende-leistungen\/\",\"url\":\"https:\/\/meintueroeffner.de\/index.php\/mein-turoffner-hagen\/schlusseldienst-hagen-umfassende-leistungen\/\",\"name\":\"Schl\u00fcsseldienst Hagen - Umfassende Leistungen - Mein T\u00fcr\u00f6ffner\",\"isPartOf\":{\"@id\":\"https:\/\/meintueroeffner.de\/#website\"},\"datePublished\":\"2020-11-16T05:20:20+00:00\",\"dateModified\":\"2023-01-25T11:30:51+00:00\",\"description\":\"Umfassende Leistungen - Hagen \u2705 T\u00fcr\u00f6ffnung \u2705 Auto\u00f6ffnung \u2705 Einbruchschutz \u2705 Kontakt: \u260e 020830994875 \u27a5 24h Notdienst\",\"breadcrumb\":{\"@id\":\"https:\/\/meintueroeffner.de\/index.php\/mein-turoffner-hagen\/schlusseldienst-hagen-umfassende-leistungen\/#breadcrumb\"},\"inLanguage\":\"de-DE\",\"potentialAction\":[{\"@type\":\"ReadAction\",\"target\":[\"https:\/\/meintueroeffner.de\/index.php\/mein-turoffner-hagen\/schlusseldienst-hagen-umfassende-leistungen\/\"]}]},{\"@type\":\"BreadcrumbList\",\"@id\":\"https:\/\/meintueroeffner.de\/index.php\/mein-turoffner-hagen\/schlusseldienst-hagen-umfassende-leistungen\/#breadcrumb\",\"itemListElement\":[{\"@type\":\"ListItem\",\"position\":1,\"name\":\"Home\",\"item\":\"https:\/\/meintueroeffner.de\/\"},{\"@type\":\"ListItem\",\"position\":2,\"name\":\"Mein T\u00fcr\u00f6ffner Hagen\",\"item\":\"https:\/\/meintueroeffner.de\/index.php\/mein-turoffner-hagen\/\"},{\"@type\":\"ListItem\",\"position\":3,\"name\":\"Schl\u00fcsseldienst Hagen &#8211; Umfassende Leistungen\"}]},{\"@type\":\"WebSite\",\"@id\":\"https:\/\/meintueroeffner.de\/#website\",\"url\":\"https:\/\/meintueroeffner.de\/\",\"name\":\"Mein T\u00fcr\u00f6ffner\",\"description\":\"\",\"potentialAction\":[{\"@type\":\"SearchAction\",\"target\":{\"@type\":\"EntryPoint\",\"urlTemplate\":\"https:\/\/meintueroeffner.de\/?s={search_term_string}\"},\"query-input\":\"required name=search_term_string\"}],\"inLanguage\":\"de-DE\"}]}<\/script>\n<!-- \/ Yoast SEO plugin. -->","yoast_head_json":{"title":"Schl\u00fcsseldienst Hagen - Umfassende Leistungen - Mein T\u00fcr\u00f6ffner","description":"Umfassende Leistungen - Hagen \u2705 T\u00fcr\u00f6ffnung \u2705 Auto\u00f6ffnung \u2705 Einbruchschutz \u2705 Kontakt: \u260e 020830994875 \u27a5 24h Notdienst","robots":{"index":"index","follow":"follow","max-snippet":"max-snippet:-1","max-image-preview":"max-image-preview:large","max-video-preview":"max-video-preview:-1"},"canonical":"https:\/\/meintueroeffner.de\/index.php\/mein-turoffner-hagen\/schlusseldienst-hagen-umfassende-leistungen\/","og_locale":"de_DE","og_type":"article","og_title":"Schl\u00fcsseldienst Hagen - Umfassende Leistungen - Mein T\u00fcr\u00f6ffner","og_description":"Umfassende Leistungen - Hagen \u2705 T\u00fcr\u00f6ffnung \u2705 Auto\u00f6ffnung \u2705 Einbruchschutz \u2705 Kontakt: \u260e 020830994875 \u27a5 24h Notdienst","og_url":"https:\/\/meintueroeffner.de\/index.php\/mein-turoffner-hagen\/schlusseldienst-hagen-umfassende-leistungen\/","og_site_name":"Mein T\u00fcr\u00f6ffner","article_modified_time":"2023-01-25T11:30:51+00:00","twitter_card":"summary_large_image","twitter_misc":{"Gesch\u00e4tzte Lesezeit":"5\u00a0Minuten"},"schema":{"@context":"https:\/\/schema.org","@graph":[{"@type":"WebPage","@id":"https:\/\/meintueroeffner.de\/index.php\/mein-turoffner-hagen\/schlusseldienst-hagen-umfassende-leistungen\/","url":"https:\/\/meintueroeffner.de\/index.php\/mein-turoffner-hagen\/schlusseldienst-hagen-umfassende-leistungen\/","name":"Schl\u00fcsseldienst Hagen - Umfassende Leistungen - Mein T\u00fcr\u00f6ffner","isPartOf":{"@id":"https:\/\/meintueroeffner.de\/#website"},"datePublished":"2020-11-16T05:20:20+00:00","dateModified":"2023-01-25T11:30:51+00:00","description":"Umfassende Leistungen - Hagen \u2705 T\u00fcr\u00f6ffnung \u2705 Auto\u00f6ffnung \u2705 Einbruchschutz \u2705 Kontakt: \u260e 020830994875 \u27a5 24h Notdienst","breadcrumb":{"@id":"https:\/\/meintueroeffner.de\/index.php\/mein-turoffner-hagen\/schlusseldienst-hagen-umfassende-leistungen\/#breadcrumb"},"inLanguage":"de-DE","potentialAction":[{"@type":"ReadAction","target":["https:\/\/meintueroeffner.de\/index.php\/mein-turoffner-hagen\/schlusseldienst-hagen-umfassende-leistungen\/"]}]},{"@type":"BreadcrumbList","@id":"https:\/\/meintueroeffner.de\/index.php\/mein-turoffner-hagen\/schlusseldienst-hagen-umfassende-leistungen\/#breadcrumb","itemListElement":[{"@type":"ListItem","position":1,"name":"Home","item":"https:\/\/meintueroeffner.de\/"},{"@type":"ListItem","position":2,"name":"Mein T\u00fcr\u00f6ffner Hagen","item":"https:\/\/meintueroeffner.de\/index.php\/mein-turoffner-hagen\/"},{"@type":"ListItem","position":3,"name":"Schl\u00fcsseldienst Hagen &#8211; Umfassende Leistungen"}]},{"@type":"WebSite","@id":"https:\/\/meintueroeffner.de\/#website","url":"https:\/\/meintueroeffner.de\/","name":"Mein T\u00fcr\u00f6ffner","description":"","potentialAction":[{"@type":"SearchAction","target":{"@type":"EntryPoint","urlTemplate":"https:\/\/meintueroeffner.de\/?s={search_term_string}"},"query-input":"required name=search_term_string"}],"inLanguage":"de-DE"}]}},"_links":{"self":[{"href":"https:\/\/meintueroeffner.de\/index.php\/wp-json\/wp\/v2\/pages\/224"}],"collection":[{"href":"https:\/\/meintueroeffner.de\/index.php\/wp-json\/wp\/v2\/pages"}],"about":[{"href":"https:\/\/meintueroeffner.de\/index.php\/wp-json\/wp\/v2\/types\/page"}],"author":[{"embeddable":true,"href":"https:\/\/meintueroeffner.de\/index.php\/wp-json\/wp\/v2\/users\/2"}],"replies":[{"embeddable":true,"href":"https:\/\/meintueroeffner.de\/index.php\/wp-json\/wp\/v2\/comments?post=224"}],"version-history":[{"count":4,"href":"https:\/\/meintueroeffner.de\/index.php\/wp-json\/wp\/v2\/pages\/224\/revisions"}],"predecessor-version":[{"id":495,"href":"https:\/\/meintueroeffner.de\/index.php\/wp-json\/wp\/v2\/pages\/224\/revisions\/495"}],"up":[{"embeddable":true,"href":"https:\/\/meintueroeffner.de\/index.php\/wp-json\/wp\/v2\/pages\/170"}],"wp:attachment":[{"href":"https:\/\/meintueroeffner.de\/index.php\/wp-json\/wp\/v2\/media?parent=224"}],"curies":[{"name":"wp","href":"https:\/\/api.w.org\/{rel}","templated":true}]}}