{"id":22,"date":"2020-10-26T01:30:45","date_gmt":"2020-10-26T01:30:45","guid":{"rendered":"https:\/\/meintueroeffner.de\/?page_id=22"},"modified":"2023-01-25T11:57:10","modified_gmt":"2023-01-25T11:57:10","slug":"schlusseldienst","status":"publish","type":"page","link":"https:\/\/meintueroeffner.de\/index.php\/schlusseldienst\/","title":{"rendered":"Schl\u00fcsseldienst &#8211; Umfassende Leistungen"},"content":{"rendered":"<p>[vc_row][vc_column]<div id=\"ultimate-heading-726669f3e2b3c74c0\" class=\"uvc-heading ult-adjust-bottom-margin ultimate-heading-726669f3e2b3c74c0 uvc-5413  uvc-heading-default-font-sizes\" data-hspacer=\"no_spacer\"  data-halign=\"left\" style=\"text-align:left\"><div class=\"uvc-heading-spacer no_spacer\" style=\"top\"><\/div><div class=\"uvc-main-heading ult-responsive\"  data-ultimate-target='.uvc-heading.ultimate-heading-726669f3e2b3c74c0 h2'  data-responsive-json-new='{\"font-size\":\"\",\"line-height\":\"\"}' ><h2 style=\"--font-weight:theme;\">Informationen \u00fcber Mein T\u00fcr\u00f6ffner<\/h2><\/div><\/div>[vc_empty_space][vc_column_text]Wir kennt das Ph\u00e4nomen, dass Menschen ihren Schl\u00fcssel versehentlich von Innen haben stecken lassen oder die Haust\u00fcr pl\u00f6tzlich durch einen Windsto\u00df zugeschlagen ist, besser als viele andere. Oftmals ist auch Unachtsamkeit der Grund f\u00fcr eine verschlossen T\u00fcr.<\/p>\n<p>Aber nicht nur solche harmlosen Gegebenheiten sind allt\u00e4glich. Auch Einbr\u00fcche und Diebstahlsdelikte stehen an der Tagesordnung.<\/p>\n<p>Wir haben es uns daher zur Lebensaufgabe gemacht, Sie umfassend zu beraten und Ihre h\u00e4usliche Sicherheit zu sch\u00fctzen. Von der Vorsorge \u00fcber die Instandhaltung und Reparatur bis hin zur Nothilfe.[\/vc_column_text][\/vc_column][\/vc_row][vc_row][vc_column]<div id=\"ultimate-heading-531469f3e2b3c74f4\" class=\"uvc-heading ult-adjust-bottom-margin ultimate-heading-531469f3e2b3c74f4 uvc-2175  uvc-heading-default-font-sizes\" data-hspacer=\"no_spacer\"  data-halign=\"left\" style=\"text-align:left\"><div class=\"uvc-heading-spacer no_spacer\" style=\"top\"><\/div><div class=\"uvc-main-heading ult-responsive\"  data-ultimate-target='.uvc-heading.ultimate-heading-531469f3e2b3c74f4 h2'  data-responsive-json-new='{\"font-size\":\"\",\"line-height\":\"\"}' ><h2 style=\"--font-weight:theme;\">Kostenfreie und kompetente Beratung<\/h2><\/div><\/div>[vc_empty_space][vc_row_inner][vc_column_inner width=&#8220;2\/3&#8243;][vc_column_text]Mit Geschick und Fachwissen sind wir der meintueroeffner.de umfassend und kompetent f\u00fcr Sie da und sch\u00fctzen Sie vor Einbr\u00fcchen und anderen Gefahren zu sch\u00fctzen.<\/p>\n<p>Eine fachkundige Beratung muss nicht teuer sein. Daher raten wir Ihnen dringend, professionelle Dienstleistungen in Anspruch zu nehmen, um die Sicherheit Ihrer Wohnung zu gew\u00e4hrleisten. Einbrecher kennen die kleinsten Sicherheitsl\u00fccken sehr genau und sind vielen Haus- und Wohnungsbewohnern oftmals einen Schritt voraus.[\/vc_column_text][\/vc_column_inner][vc_column_inner width=&#8220;1\/3&#8243;][vc_single_image image=&#8220;112&#8243; img_size=&#8220;full&#8220; alignment=&#8220;center&#8220; image_hovers=&#8220;false&#8220;][\/vc_column_inner][\/vc_row_inner][vc_column_text]Sch\u00fctzen Sie sich und Ihre Sachen. Lassen Sie sich beraten.<\/p>\n<p>Wir beraten Sie auch jederzeit zu neuen Schl\u00f6ssern, Fenstersicherheitssystemen, Alarmsystemen &amp; Co. \u00dcberall in Berlin, direkt an Ihrem Standort, je nach Ihrer individuellen Situation. Denkw\u00fcrdig und nachhaltig.[\/vc_column_text][\/vc_column][\/vc_row][vc_row][vc_column]<div id=\"ultimate-heading-149469f3e2b3c7517\" class=\"uvc-heading ult-adjust-bottom-margin ultimate-heading-149469f3e2b3c7517 uvc-2410  uvc-heading-default-font-sizes\" data-hspacer=\"no_spacer\"  data-halign=\"left\" style=\"text-align:left\"><div class=\"uvc-heading-spacer no_spacer\" style=\"top\"><\/div><div class=\"uvc-main-heading ult-responsive\"  data-ultimate-target='.uvc-heading.ultimate-heading-149469f3e2b3c7517 h2'  data-responsive-json-new='{\"font-size\":\"\",\"line-height\":\"\"}' ><h2 style=\"--font-weight:theme;\">Einbruch- und Sicherheitstechnik<\/h2><\/div><\/div>[vc_empty_space][vc_row_inner][vc_column_inner width=&#8220;1\/3&#8243;][vc_single_image image=&#8220;113&#8243; img_size=&#8220;full&#8220; alignment=&#8220;center&#8220; image_hovers=&#8220;false&#8220;][\/vc_column_inner][vc_column_inner width=&#8220;2\/3&#8243;][vc_column_text]Ca. 80% aller Einbr\u00fcche bleiben ungekl\u00e4rt. Eine gro\u00dfe Anzahl. Das wissen wir nur zu gut. Umso wichtiger ist es, die Sicherheit durch Fenster- und T\u00fcrsicherheitsvorrichtungen wie T\u00fcrpanzer oder zahlreiche andere Optionen zur Sicherung Ihrer Sachen zu gew\u00e4hrleisten, die wir installieren k\u00f6nnen. Einschlie\u00dflich Sicherheitsschl\u00f6sser und \u00dcberwachungskameras. Als Verbraucher sollten Sie sich umfassend informieren, um sich und andere zu sch\u00fctzen.[\/vc_column_text][\/vc_column_inner][\/vc_row_inner][vc_column_text]Umfassende Informationen zu erhalten ist nicht immer einfach. Vertrauen Sie also einem kompetenten Partner und lassen Sie sich umfassend beraten. Auf diese Weise werden Sie auch nicht Opfer von Einbr\u00fcchen. Unser Beratungsservice ist kostenlos \u2013 worauf warten Sie noch?<\/p>\n<p>In einer Gro\u00dfstadt wie Berlin mit mehr als 3,6 Millionen Einwohnern werden alle drei Minuten Wohnungen, H\u00e4user und Autos aufgebrochen!<\/p>\n<p>Kommen Sie zu uns \u2013 f\u00fcr Ihren Notdienstschl\u00fcssel.[\/vc_column_text][\/vc_column][\/vc_row][vc_row][vc_column]<div id=\"ultimate-heading-601069f3e2b3c7536\" class=\"uvc-heading ult-adjust-bottom-margin ultimate-heading-601069f3e2b3c7536 uvc-1220  uvc-heading-default-font-sizes\" data-hspacer=\"no_spacer\"  data-halign=\"left\" style=\"text-align:left\"><div class=\"uvc-heading-spacer no_spacer\" style=\"top\"><\/div><div class=\"uvc-main-heading ult-responsive\"  data-ultimate-target='.uvc-heading.ultimate-heading-601069f3e2b3c7536 h2'  data-responsive-json-new='{\"font-size\":\"\",\"line-height\":\"\"}' ><h2 style=\"--font-weight:theme;\">Not\u00f6ffnungen<\/h2><\/div><\/div>[vc_empty_space][vc_column_text]Manchmal reicht eine kurze Ablenkung und schon ist die T\u00fcr hinter Ihnen ins Schloss gefallen. Der Schl\u00fcssel steckt von Innen oder liegt noch auf der Ablage im Flur? Wenn Sie in dieser Situation nicht auf die Hilfe von Nachbarn oder Familie zur\u00fcckgreifen kann, der muss den meintueroeffner.de rufen.<\/p>\n<p>Sie m\u00fcssen im Notfall nicht lange warten, wir sind rund um die Uhr f\u00fcr Sie erreichbar und innerhalb weniger Minuten bei Ihnen vor Ort. Egal wann, selbst mitten in der Nacht. Immer zu fairen Preisen und Konditionen.<\/p>\n<p>Wir stellen uns jeder Herausforderung in Bezug auf die \u00d6ffnung eines Schlosses. Wir sind immer zur Stelle, wenn Sie uns brauchen, egal weshalb Sie unsere Hilfe ben\u00f6tigen. Ob vergessener Schl\u00fcssel oder abgebrochener Schl\u00fcssel. Ob defekte Schlie\u00dfanlage oder besch\u00e4digtes Schloss.[\/vc_column_text][\/vc_column][\/vc_row][vc_row][vc_column]<div id=\"ultimate-heading-608469f3e2b3c7555\" class=\"uvc-heading ult-adjust-bottom-margin ultimate-heading-608469f3e2b3c7555 uvc-1290  uvc-heading-default-font-sizes\" data-hspacer=\"no_spacer\"  data-halign=\"left\" style=\"text-align:left\"><div class=\"uvc-heading-spacer no_spacer\" style=\"top\"><\/div><div class=\"uvc-main-heading ult-responsive\"  data-ultimate-target='.uvc-heading.ultimate-heading-608469f3e2b3c7555 h2'  data-responsive-json-new='{\"font-size\":\"\",\"line-height\":\"\"}' ><h2 style=\"--font-weight:theme;\">Leistungen<\/h2><\/div><\/div>[vc_empty_space][vc_row_inner][vc_column_inner width=&#8220;1\/2&#8243;][vc_column_text]meintueroeffner.de hat mehr als nur Ersatzschl\u00fcssel und T\u00fcrpanzer im Portfolio. Lassen Sie sich von uns individuell beraten, damit Sie der Sicherheit zu Hause eine solide Basis geben. Aber auch die Tresorschl\u00f6sser sind ein sehr attraktives Themengebiet, in dem der meintueroeffner.de spezialisiert ist.<\/p>\n<p>Wir beraten Sie auf Wunsch gern auch zu den Themen Alarmanlagen-Anbringung.<\/p>\n<p>Daneben k\u00f6nnen wir Sie kompetent unterst\u00fctzen, sollten Sie Schwierigkeiten mit Ihrem Schloss an einem Ihrer Fahrzeuge haben, egal ob Auto oder Motorrad.[\/vc_column_text][\/vc_column_inner][vc_column_inner width=&#8220;1\/2&#8243;][vc_single_image image=&#8220;99&#8243; img_size=&#8220;full&#8220; alignment=&#8220;center&#8220; image_hovers=&#8220;false&#8220;][\/vc_column_inner][\/vc_row_inner][vc_column_text]Die Sicherheitstechnik, wie Kameras und besondere Schl\u00f6sser sowie Verriegelungen, sind den uns nat\u00fcrlich auch nicht unbekannt. Wir bieten Ihnen einen 24\/7 Service. Auch An- und Neufertigungen von Schl\u00fcsseln \u00fcbernehmen wir gern.<\/p>\n<p>Das Leistungsspektrum des Schl\u00fcsseldiensteshelfer aus Berlin vielseitig und auf all das abgestimmt, was gesch\u00fctzt und gesichert werden muss sowie einen Schl\u00fcssel\/Schloss aufweist. Mehr dazu finden Sie auch unter\u00a0<a href=\"https:\/\/meintueroeffner.de\/index.php\/einsatzbereiche\/\">Einsatzbereiche<\/a>.[\/vc_column_text][\/vc_column][\/vc_row][vc_row][vc_column]<div id=\"ultimate-heading-317469f3e2b3c7573\" class=\"uvc-heading ult-adjust-bottom-margin ultimate-heading-317469f3e2b3c7573 uvc-8916  uvc-heading-default-font-sizes\" data-hspacer=\"no_spacer\"  data-halign=\"left\" style=\"text-align:left\"><div class=\"uvc-heading-spacer no_spacer\" style=\"top\"><\/div><div class=\"uvc-main-heading ult-responsive\"  data-ultimate-target='.uvc-heading.ultimate-heading-317469f3e2b3c7573 h2'  data-responsive-json-new='{\"font-size\":\"\",\"line-height\":\"\"}' ><h2 style=\"--font-weight:theme;\">Umfassende Leistungen des Schl\u00fcsseldienstes<\/h2><\/div><\/div>[vc_empty_space][vc_row_inner][vc_column_inner width=&#8220;1\/2&#8243;][vc_single_image image=&#8220;115&#8243; img_size=&#8220;full&#8220; alignment=&#8220;center&#8220; image_hovers=&#8220;false&#8220;][\/vc_column_inner][vc_column_inner width=&#8220;1\/2&#8243;][vc_column_text]Die Serviceleistungen und Angebote des meintueroeffner.de sind im wahrsten Sinne des Wortes vielseitig. Wer glaubt, dass Schl\u00fcsseldienste nur f\u00fcr Not\u00f6ffnungen in der Nacht, bei Verlust des Schl\u00fcssels &amp; Co zust\u00e4ndig sind, liegt falsch<\/p>\n<p>Neben der Nothilfe vor Ort stehen wir Ihnen beratend zur Seite. Auch bei Sch\u00e4den aufgrund eines Einbruches sind wir f\u00fcr Sie vor Ort und beheben den Schaden schnell und fachkundig und stellen die Sicherheit der Opfer wieder her.<\/p>\n<p>Im Prinzip ist der meintueroeffner.de ein Fachmann f\u00fcr alles. Sei es die Sicherheit, die \u00d6ffnungen von T\u00fcren, die Berater sowie Einbruchsfolgenhelfer. Sie wollen auch Fachmann werden? Offene Stellen finden sie unter <a href=\"https:\/\/meintueroeffner.de\/index.php\/jobs-schlusseldienst\/\">Jobs<\/a>.[\/vc_column_text][\/vc_column_inner][\/vc_row_inner][vc_column_text]Es gibt kaum etwas, was f\u00fcr meintueroeffner.de nicht zu l\u00f6sen w\u00e4re. Wir sind kompetenter Ansprechpartner f\u00fcr jedermann und beraten Sie gern ausf\u00fchrlich und umfassen anhand Ihrer Informationen. Dabei k\u00f6nnen wir auf jahrelange erfahrung und Fachwissen zur\u00fcckgreifen.<\/p>\n<p>Egal ob Ihnen die T\u00fcr zugefallen ist, Sie den Autoschl\u00fcssel verloren haben oder Sie sogar Opfer eines Einbruches geworden sind. Meintueroeffner.de ist zu jeder Tages- und Nachtzeit f\u00fcr Sie vor Ort.<\/p>\n<p>Informieren Sie sich umfassend und vertrauen Sie nicht allen Anbietern, um nicht auf unseri\u00f6se Angebote reinzufallen. Davon gibt es leider zu viele. Mit dem Notdienst des meintueroeffner.de liegen Sie jedoch nie falsch. Fair und zuverl\u00e4ssig sind wir f\u00fcr Sie im Ernstfall vor Ort. Lassen Sie sich fachm\u00e4nnisch und individuell beraten. Kostenfrei und unverbindlich.[\/vc_column_text][\/vc_column][\/vc_row]<\/p>\n","protected":false},"excerpt":{"rendered":"<p>[vc_row][vc_column][vc_empty_space][vc_column_text]Wir kennt das Ph\u00e4nomen, dass Menschen ihren Schl\u00fcssel versehentlich von Innen haben stecken lassen oder die Haust\u00fcr pl\u00f6tzlich durch einen Windsto\u00df zugeschlagen ist, besser als viele andere. Oftmals ist auch Unachtsamkeit der Grund f\u00fcr eine verschlossen T\u00fcr. Aber nicht nur solche harmlosen Gegebenheiten sind allt\u00e4glich. Auch Einbr\u00fcche und Diebstahlsdelikte stehen an der Tagesordnung. Wir haben&hellip;<\/p>\n","protected":false},"author":2,"featured_media":0,"parent":0,"menu_order":0,"comment_status":"closed","ping_status":"closed","template":"","meta":[],"yoast_head":"<!-- This site is optimized with the Yoast SEO plugin v19.8 - https:\/\/yoast.com\/wordpress\/plugins\/seo\/ -->\n<title>Schl\u00fcsseldienst - Umfassende Leistungen - Mein T\u00fcr\u00f6ffner<\/title>\n<meta name=\"description\" content=\"Qualifizierter Schl\u00fcsseldienst \u2705 T\u00fcr\u00f6ffnung \u2705 Auto\u00f6ffnung \u2705 Einbruchschutz \u2705 Kontakt: \u260e 020830994875 \u27a5 24h Notdienst \u2705 Wartung + Reparatur\" \/>\n<meta name=\"robots\" content=\"index, follow, max-snippet:-1, max-image-preview:large, max-video-preview:-1\" \/>\n<link rel=\"canonical\" href=\"https:\/\/meintueroeffner.de\/index.php\/schlusseldienst\/\" \/>\n<meta property=\"og:locale\" content=\"de_DE\" \/>\n<meta property=\"og:type\" content=\"article\" \/>\n<meta property=\"og:title\" content=\"Schl\u00fcsseldienst - Umfassende Leistungen - Mein T\u00fcr\u00f6ffner\" \/>\n<meta property=\"og:description\" content=\"Qualifizierter Schl\u00fcsseldienst \u2705 T\u00fcr\u00f6ffnung \u2705 Auto\u00f6ffnung \u2705 Einbruchschutz \u2705 Kontakt: \u260e 020830994875 \u27a5 24h Notdienst \u2705 Wartung + Reparatur\" \/>\n<meta property=\"og:url\" content=\"https:\/\/meintueroeffner.de\/index.php\/schlusseldienst\/\" \/>\n<meta property=\"og:site_name\" content=\"Mein T\u00fcr\u00f6ffner\" \/>\n<meta property=\"article:modified_time\" content=\"2023-01-25T11:57:10+00:00\" \/>\n<meta name=\"twitter:card\" content=\"summary_large_image\" \/>\n<meta name=\"twitter:label1\" content=\"Gesch\u00e4tzte Lesezeit\" \/>\n\t<meta name=\"twitter:data1\" content=\"5\u00a0Minuten\" \/>\n<script type=\"application\/ld+json\" class=\"yoast-schema-graph\">{\"@context\":\"https:\/\/schema.org\",\"@graph\":[{\"@type\":\"WebPage\",\"@id\":\"https:\/\/meintueroeffner.de\/index.php\/schlusseldienst\/\",\"url\":\"https:\/\/meintueroeffner.de\/index.php\/schlusseldienst\/\",\"name\":\"Schl\u00fcsseldienst - Umfassende Leistungen - Mein T\u00fcr\u00f6ffner\",\"isPartOf\":{\"@id\":\"https:\/\/meintueroeffner.de\/#website\"},\"datePublished\":\"2020-10-26T01:30:45+00:00\",\"dateModified\":\"2023-01-25T11:57:10+00:00\",\"description\":\"Qualifizierter Schl\u00fcsseldienst \u2705 T\u00fcr\u00f6ffnung \u2705 Auto\u00f6ffnung \u2705 Einbruchschutz \u2705 Kontakt: \u260e 020830994875 \u27a5 24h Notdienst \u2705 Wartung + Reparatur\",\"breadcrumb\":{\"@id\":\"https:\/\/meintueroeffner.de\/index.php\/schlusseldienst\/#breadcrumb\"},\"inLanguage\":\"de-DE\",\"potentialAction\":[{\"@type\":\"ReadAction\",\"target\":[\"https:\/\/meintueroeffner.de\/index.php\/schlusseldienst\/\"]}]},{\"@type\":\"BreadcrumbList\",\"@id\":\"https:\/\/meintueroeffner.de\/index.php\/schlusseldienst\/#breadcrumb\",\"itemListElement\":[{\"@type\":\"ListItem\",\"position\":1,\"name\":\"Home\",\"item\":\"https:\/\/meintueroeffner.de\/\"},{\"@type\":\"ListItem\",\"position\":2,\"name\":\"Schl\u00fcsseldienst &#8211; Umfassende Leistungen\"}]},{\"@type\":\"WebSite\",\"@id\":\"https:\/\/meintueroeffner.de\/#website\",\"url\":\"https:\/\/meintueroeffner.de\/\",\"name\":\"Mein T\u00fcr\u00f6ffner\",\"description\":\"\",\"potentialAction\":[{\"@type\":\"SearchAction\",\"target\":{\"@type\":\"EntryPoint\",\"urlTemplate\":\"https:\/\/meintueroeffner.de\/?s={search_term_string}\"},\"query-input\":\"required name=search_term_string\"}],\"inLanguage\":\"de-DE\"}]}<\/script>\n<!-- \/ Yoast SEO plugin. -->","yoast_head_json":{"title":"Schl\u00fcsseldienst - Umfassende Leistungen - Mein T\u00fcr\u00f6ffner","description":"Qualifizierter Schl\u00fcsseldienst \u2705 T\u00fcr\u00f6ffnung \u2705 Auto\u00f6ffnung \u2705 Einbruchschutz \u2705 Kontakt: \u260e 020830994875 \u27a5 24h Notdienst \u2705 Wartung + Reparatur","robots":{"index":"index","follow":"follow","max-snippet":"max-snippet:-1","max-image-preview":"max-image-preview:large","max-video-preview":"max-video-preview:-1"},"canonical":"https:\/\/meintueroeffner.de\/index.php\/schlusseldienst\/","og_locale":"de_DE","og_type":"article","og_title":"Schl\u00fcsseldienst - Umfassende Leistungen - Mein T\u00fcr\u00f6ffner","og_description":"Qualifizierter Schl\u00fcsseldienst \u2705 T\u00fcr\u00f6ffnung \u2705 Auto\u00f6ffnung \u2705 Einbruchschutz \u2705 Kontakt: \u260e 020830994875 \u27a5 24h Notdienst \u2705 Wartung + Reparatur","og_url":"https:\/\/meintueroeffner.de\/index.php\/schlusseldienst\/","og_site_name":"Mein T\u00fcr\u00f6ffner","article_modified_time":"2023-01-25T11:57:10+00:00","twitter_card":"summary_large_image","twitter_misc":{"Gesch\u00e4tzte Lesezeit":"5\u00a0Minuten"},"schema":{"@context":"https:\/\/schema.org","@graph":[{"@type":"WebPage","@id":"https:\/\/meintueroeffner.de\/index.php\/schlusseldienst\/","url":"https:\/\/meintueroeffner.de\/index.php\/schlusseldienst\/","name":"Schl\u00fcsseldienst - Umfassende Leistungen - Mein T\u00fcr\u00f6ffner","isPartOf":{"@id":"https:\/\/meintueroeffner.de\/#website"},"datePublished":"2020-10-26T01:30:45+00:00","dateModified":"2023-01-25T11:57:10+00:00","description":"Qualifizierter Schl\u00fcsseldienst \u2705 T\u00fcr\u00f6ffnung \u2705 Auto\u00f6ffnung \u2705 Einbruchschutz \u2705 Kontakt: \u260e 020830994875 \u27a5 24h Notdienst \u2705 Wartung + Reparatur","breadcrumb":{"@id":"https:\/\/meintueroeffner.de\/index.php\/schlusseldienst\/#breadcrumb"},"inLanguage":"de-DE","potentialAction":[{"@type":"ReadAction","target":["https:\/\/meintueroeffner.de\/index.php\/schlusseldienst\/"]}]},{"@type":"BreadcrumbList","@id":"https:\/\/meintueroeffner.de\/index.php\/schlusseldienst\/#breadcrumb","itemListElement":[{"@type":"ListItem","position":1,"name":"Home","item":"https:\/\/meintueroeffner.de\/"},{"@type":"ListItem","position":2,"name":"Schl\u00fcsseldienst &#8211; Umfassende Leistungen"}]},{"@type":"WebSite","@id":"https:\/\/meintueroeffner.de\/#website","url":"https:\/\/meintueroeffner.de\/","name":"Mein T\u00fcr\u00f6ffner","description":"","potentialAction":[{"@type":"SearchAction","target":{"@type":"EntryPoint","urlTemplate":"https:\/\/meintueroeffner.de\/?s={search_term_string}"},"query-input":"required name=search_term_string"}],"inLanguage":"de-DE"}]}},"_links":{"self":[{"href":"https:\/\/meintueroeffner.de\/index.php\/wp-json\/wp\/v2\/pages\/22"}],"collection":[{"href":"https:\/\/meintueroeffner.de\/index.php\/wp-json\/wp\/v2\/pages"}],"about":[{"href":"https:\/\/meintueroeffner.de\/index.php\/wp-json\/wp\/v2\/types\/page"}],"author":[{"embeddable":true,"href":"https:\/\/meintueroeffner.de\/index.php\/wp-json\/wp\/v2\/users\/2"}],"replies":[{"embeddable":true,"href":"https:\/\/meintueroeffner.de\/index.php\/wp-json\/wp\/v2\/comments?post=22"}],"version-history":[{"count":9,"href":"https:\/\/meintueroeffner.de\/index.php\/wp-json\/wp\/v2\/pages\/22\/revisions"}],"predecessor-version":[{"id":232,"href":"https:\/\/meintueroeffner.de\/index.php\/wp-json\/wp\/v2\/pages\/22\/revisions\/232"}],"wp:attachment":[{"href":"https:\/\/meintueroeffner.de\/index.php\/wp-json\/wp\/v2\/media?parent=22"}],"curies":[{"name":"wp","href":"https:\/\/api.w.org\/{rel}","templated":true}]}}