{"id":215,"date":"2020-11-16T04:59:44","date_gmt":"2020-11-16T04:59:44","guid":{"rendered":"https:\/\/meintueroeffner.de\/?page_id=215"},"modified":"2023-01-25T10:57:48","modified_gmt":"2023-01-25T10:57:48","slug":"einsatzbereiche-bochum-unsere-servicebereich","status":"publish","type":"page","link":"https:\/\/meintueroeffner.de\/index.php\/mein-turoffner-bochum\/einsatzbereiche-bochum-unsere-servicebereich\/","title":{"rendered":"Einsatzbereiche Bochum &#8211; Unsere Servicebereich"},"content":{"rendered":"<p>[vc_row][vc_column][vc_column_text]<\/p>\n<h2>T\u00fcr\u00f6ffnung Bochum &amp; weitere Einsatzbereiche<\/h2>\n<p>[\/vc_column_text][vc_empty_space][vc_column_text]Es ist nicht schlimm, wenn man sich mal aussperrt. Der Schl\u00fcsseldienst Bochum \u00f6ffnet Ihnen die T\u00fcr schnell und unkompliziert. Alle Informationen \u00fcber unseren Service und Leistungsumfang sowie unser Einsatzbereiche finden Sie nachfolgend.<\/p>\n<p>Neben der Standard\u00f6ffnung von T\u00fcren betreuen wir Sie auch im Falle einer Entriegelung von Tresoren, Autos, Schr\u00e4nken und vielen weiteren Objekten. Daneben z\u00e4hlt auch der passende Einbruchsschutz und geeignete Sicherheitstechnik zu unserem Portfolio.[\/vc_column_text][\/vc_column][\/vc_row][vc_row][vc_column][vc_column_text]<\/p>\n<h2>Einsatzbereiche &#8211; Was leistet der Schl\u00fcsseldienst Helfer f\u00fcr Bochum?<\/h2>\n<p>[\/vc_column_text][vc_empty_space][vc_row_inner][vc_column_inner width=&#8220;1\/2&#8243;][vc_single_image image=&#8220;108&#8243; img_size=&#8220;full&#8220; alignment=&#8220;center&#8220; image_hovers=&#8220;false&#8220;][\/vc_column_inner][vc_column_inner width=&#8220;1\/2&#8243;][vc_column_text]Sie brauchen einen Schl\u00fcsseldienst f\u00fcr Bochum? Dann haben Sie die Auswahl zwischen vielen Anbietern und Dienstleistern. Es gibt zahlreiche Schl\u00fcsseldienste in Bochum.<\/p>\n<p>Die Einsatzbereiche gehen bis \u00fcber die Grenzen Bochums\u00a0hinaus.<br \/>\nDie Leistungen der Schl\u00fcsseldienste kann rund um die Uhr, 24 Stunden lang, in Anspruch genommen werden.<\/p>\n<p>Nicht selten verlassen Personen ihr Haus, ohne den Schl\u00fcssel in der Tasche. Die Hauptaufgabe eines Schl\u00fcsseldienstes ist es, die verschlossenen Haus- oder Eingangst\u00fcren zu \u00f6ffnen.[\/vc_column_text][\/vc_column_inner][\/vc_row_inner][vc_column_text]Gibt es keinen Zugang \u00fcber eine offenstehende Terrassent\u00fcr oder einen Kellereingang so wird meist ein Schl\u00fcsseldienst gerufen. Dieser \u00f6ffnet Ihre T\u00fcr mittels fachgerechtem Spezialwerkzeug und erm\u00f6glicht Ihnen den Einritt. Dies dauert nur wenige Sekunden.<\/p>\n<p>Durch den Einsatz des Spezialwerkzeuges und die Erfahrung unserer Mitarbeiter wird Ihre T\u00fcr oder Ihr Schloss dabei nicht besch\u00e4digt. Im Anschluss l\u00e4sst sich die T\u00fcr problemlos bet\u00e4tigen. Wir sind auch in der Lage verschlossene Fenster und schl\u00fcssellose T\u00fcren innerhalb einer Wohnung ohne M\u00fchen zu \u00f6ffnen. Lediglich zu den Nachtzeiten wird h\u00e4ufig ein etwas h\u00f6herer Betrag in Folge eines Nachtzuschlages gew\u00e4hrt.<\/p>\n<p>Wir halten die Kosten f\u00fcr die Leistungen immer gering und garantieren Ihnen die volle Transparenz. Wir stehen Ihnen jederzeit zur Verf\u00fcgung.[\/vc_column_text][\/vc_column][\/vc_row][vc_row][vc_column][vc_column_text]<\/p>\n<h2>In welchen Stadtteilen gibt es die T\u00fcr\u00f6ffnung f\u00fcr Bochum?<\/h2>\n<p>[\/vc_column_text][vc_empty_space][vc_row_inner][vc_column_inner width=&#8220;1\/2&#8243;][vc_single_image image=&#8220;110&#8243; img_size=&#8220;full&#8220; alignment=&#8220;center&#8220; image_hovers=&#8220;false&#8220;][\/vc_column_inner][vc_column_inner width=&#8220;1\/2&#8243;][vc_column_text]Die Fachkr\u00e4fte meintueroeffner.de arbeiten in folgenden Bochum, <a href=\"https:\/\/meintueroeffner.de\/index.php\/mein-turoffner-dortmund\/schlusseldienst-dortmund-umfassende-leistungen\/\">Dortmund<\/a>, <a href=\"https:\/\/meintueroeffner.de\/index.php\/mein-turoffner-witten\/schlusseldienst-witten-umfassende-leistungen\/\">Witten<\/a>,\u00a0<a href=\"https:\/\/meintueroeffner.de\/index.php\/mein-turoffner-hagen\/schlusseldienst-hagen-umfassende-leistungen\/\">Hagen<\/a>.\u00a0<a href=\"https:\/\/meintueroeffner.de\/index.php\/mein-turoffner-bochum\/schlusseldienst-bochum-umfassende-leistungen\/\">Hier geht\u2019s zum Schl\u00fcsselnotdienst f\u00fcr Bochum<\/a><a href=\"https:\/\/meintueroeffner.de\/index.php\/mein-turoffner-potsdam\/schlusseldienst-dortmund-umfassende-leistungen\/\">.<\/a>[\/vc_column_text][\/vc_column_inner][\/vc_row_inner][\/vc_column][\/vc_row][vc_row][vc_column][vc_column_text]<\/p>\n<h2>Leistungen und Service vom Schl\u00fcsseldienst f\u00fcr Bochum:<\/h2>\n<p>[\/vc_column_text][vc_empty_space]<div class=\"standard-arrow bullet-top\"><ul>\n<li>Garantiert in 15-40 Minuten innerhalb von Bochum vor Ort<\/li>\n<li>Zu 99% ohne Besch\u00e4digung bei T\u00fcr\u00f6ffnungen<\/li>\n<li>Notdienst ist rund um die Uhr erreichbar (24\/7)<\/li>\n<li>Sehr <a href=\"https:\/\/meintueroeffner.de\/index.php\/mein-turoffner-potsdam\/preise-mein-turoffner-potsdam\/\"><strong>g\u00fcnstige Preise <\/strong><\/a>f\u00fcr \u00d6ffnung von T\u00fcren<\/li>\n<li>Garantiert transparent und vertrauensw\u00fcrdig<\/li>\n<\/ul>\n<\/div>[vc_empty_space height=&#8220;25&#8243;]<div class=\"standard-arrow bullet-top\"><ul>\n<li>T\u00fcr\u00f6ffnung f\u00fcr <strong>Bochum<\/strong><b>\u00a0<\/b>(Wohnung, Haus, Wohngemeinschaften etc.)<\/li>\n<li>Einbruchschutz und Sicherheitstechnik Beratungen<\/li>\n<li>Auto\u00f6ffnungen (Alle Marken)<\/li>\n<li>G\u00fcnstige Marken Schl\u00f6sser und Zylinder<\/li>\n<\/ul>\n<\/div>[vc_empty_space height=&#8220;25&#8243;]<div class=\"standard-arrow bullet-top\"><ul>\n<li>Anfertigung von Ersatzschl\u00fcsseln<\/li>\n<li>Schutzbeschl\u00e4ge<\/li>\n<li>Erneuerung von Schlie\u00dfanlage<\/li>\n<\/ul>\n<\/div>[\/vc_column][\/vc_row]<\/p>\n","protected":false},"excerpt":{"rendered":"<p>[vc_row][vc_column][vc_column_text] T\u00fcr\u00f6ffnung Bochum &amp; weitere Einsatzbereiche [\/vc_column_text][vc_empty_space][vc_column_text]Es ist nicht schlimm, wenn man sich mal aussperrt. Der Schl\u00fcsseldienst Bochum \u00f6ffnet Ihnen die T\u00fcr schnell und unkompliziert. Alle Informationen \u00fcber unseren Service und Leistungsumfang sowie unser Einsatzbereiche finden Sie nachfolgend. Neben der Standard\u00f6ffnung von T\u00fcren betreuen wir Sie auch im Falle einer Entriegelung von Tresoren, Autos, Schr\u00e4nken&hellip;<\/p>\n","protected":false},"author":2,"featured_media":0,"parent":171,"menu_order":0,"comment_status":"closed","ping_status":"closed","template":"template-microsite.php","meta":[],"yoast_head":"<!-- This site is optimized with the Yoast SEO plugin v19.8 - https:\/\/yoast.com\/wordpress\/plugins\/seo\/ -->\n<title>Einsatzbereiche Bochum - Unsere Servicebereich - Mein T\u00fcr\u00f6ffner<\/title>\n<meta name=\"description\" content=\"Qualifizierter Schl\u00fcsseldienst: Bochum &amp; weitere Einsatzbereiche \u2705 T\u00fcr\u00f6ffnung \u2705 Auto\u00f6ffnung \u2705 Einbruchschutz \u2705 \u260e 020830994875 \u27a5 24h Notdienst\" \/>\n<meta name=\"robots\" content=\"index, follow, max-snippet:-1, max-image-preview:large, max-video-preview:-1\" \/>\n<link rel=\"canonical\" href=\"https:\/\/meintueroeffner.de\/index.php\/mein-turoffner-bochum\/einsatzbereiche-bochum-unsere-servicebereich\/\" \/>\n<meta property=\"og:locale\" content=\"de_DE\" \/>\n<meta property=\"og:type\" content=\"article\" \/>\n<meta property=\"og:title\" content=\"Einsatzbereiche Bochum - Unsere Servicebereich - Mein T\u00fcr\u00f6ffner\" \/>\n<meta property=\"og:description\" content=\"Qualifizierter Schl\u00fcsseldienst: Bochum &amp; weitere Einsatzbereiche \u2705 T\u00fcr\u00f6ffnung \u2705 Auto\u00f6ffnung \u2705 Einbruchschutz \u2705 \u260e 020830994875 \u27a5 24h Notdienst\" \/>\n<meta property=\"og:url\" content=\"https:\/\/meintueroeffner.de\/index.php\/mein-turoffner-bochum\/einsatzbereiche-bochum-unsere-servicebereich\/\" \/>\n<meta property=\"og:site_name\" content=\"Mein T\u00fcr\u00f6ffner\" \/>\n<meta property=\"article:modified_time\" content=\"2023-01-25T10:57:48+00:00\" \/>\n<meta name=\"twitter:card\" content=\"summary_large_image\" \/>\n<meta name=\"twitter:label1\" content=\"Gesch\u00e4tzte Lesezeit\" \/>\n\t<meta name=\"twitter:data1\" content=\"3\u00a0Minuten\" \/>\n<script type=\"application\/ld+json\" class=\"yoast-schema-graph\">{\"@context\":\"https:\/\/schema.org\",\"@graph\":[{\"@type\":\"WebPage\",\"@id\":\"https:\/\/meintueroeffner.de\/index.php\/mein-turoffner-bochum\/einsatzbereiche-bochum-unsere-servicebereich\/\",\"url\":\"https:\/\/meintueroeffner.de\/index.php\/mein-turoffner-bochum\/einsatzbereiche-bochum-unsere-servicebereich\/\",\"name\":\"Einsatzbereiche Bochum - Unsere Servicebereich - Mein T\u00fcr\u00f6ffner\",\"isPartOf\":{\"@id\":\"https:\/\/meintueroeffner.de\/#website\"},\"datePublished\":\"2020-11-16T04:59:44+00:00\",\"dateModified\":\"2023-01-25T10:57:48+00:00\",\"description\":\"Qualifizierter Schl\u00fcsseldienst: Bochum & weitere Einsatzbereiche \u2705 T\u00fcr\u00f6ffnung \u2705 Auto\u00f6ffnung \u2705 Einbruchschutz \u2705 \u260e 020830994875 \u27a5 24h Notdienst\",\"breadcrumb\":{\"@id\":\"https:\/\/meintueroeffner.de\/index.php\/mein-turoffner-bochum\/einsatzbereiche-bochum-unsere-servicebereich\/#breadcrumb\"},\"inLanguage\":\"de-DE\",\"potentialAction\":[{\"@type\":\"ReadAction\",\"target\":[\"https:\/\/meintueroeffner.de\/index.php\/mein-turoffner-bochum\/einsatzbereiche-bochum-unsere-servicebereich\/\"]}]},{\"@type\":\"BreadcrumbList\",\"@id\":\"https:\/\/meintueroeffner.de\/index.php\/mein-turoffner-bochum\/einsatzbereiche-bochum-unsere-servicebereich\/#breadcrumb\",\"itemListElement\":[{\"@type\":\"ListItem\",\"position\":1,\"name\":\"Home\",\"item\":\"https:\/\/meintueroeffner.de\/\"},{\"@type\":\"ListItem\",\"position\":2,\"name\":\"Mein T\u00fcr\u00f6ffner Bochum\",\"item\":\"https:\/\/meintueroeffner.de\/index.php\/mein-turoffner-bochum\/\"},{\"@type\":\"ListItem\",\"position\":3,\"name\":\"Einsatzbereiche Bochum &#8211; Unsere Servicebereich\"}]},{\"@type\":\"WebSite\",\"@id\":\"https:\/\/meintueroeffner.de\/#website\",\"url\":\"https:\/\/meintueroeffner.de\/\",\"name\":\"Mein T\u00fcr\u00f6ffner\",\"description\":\"\",\"potentialAction\":[{\"@type\":\"SearchAction\",\"target\":{\"@type\":\"EntryPoint\",\"urlTemplate\":\"https:\/\/meintueroeffner.de\/?s={search_term_string}\"},\"query-input\":\"required name=search_term_string\"}],\"inLanguage\":\"de-DE\"}]}<\/script>\n<!-- \/ Yoast SEO plugin. -->","yoast_head_json":{"title":"Einsatzbereiche Bochum - Unsere Servicebereich - Mein T\u00fcr\u00f6ffner","description":"Qualifizierter Schl\u00fcsseldienst: Bochum & weitere Einsatzbereiche \u2705 T\u00fcr\u00f6ffnung \u2705 Auto\u00f6ffnung \u2705 Einbruchschutz \u2705 \u260e 020830994875 \u27a5 24h Notdienst","robots":{"index":"index","follow":"follow","max-snippet":"max-snippet:-1","max-image-preview":"max-image-preview:large","max-video-preview":"max-video-preview:-1"},"canonical":"https:\/\/meintueroeffner.de\/index.php\/mein-turoffner-bochum\/einsatzbereiche-bochum-unsere-servicebereich\/","og_locale":"de_DE","og_type":"article","og_title":"Einsatzbereiche Bochum - Unsere Servicebereich - Mein T\u00fcr\u00f6ffner","og_description":"Qualifizierter Schl\u00fcsseldienst: Bochum & weitere Einsatzbereiche \u2705 T\u00fcr\u00f6ffnung \u2705 Auto\u00f6ffnung \u2705 Einbruchschutz \u2705 \u260e 020830994875 \u27a5 24h Notdienst","og_url":"https:\/\/meintueroeffner.de\/index.php\/mein-turoffner-bochum\/einsatzbereiche-bochum-unsere-servicebereich\/","og_site_name":"Mein T\u00fcr\u00f6ffner","article_modified_time":"2023-01-25T10:57:48+00:00","twitter_card":"summary_large_image","twitter_misc":{"Gesch\u00e4tzte Lesezeit":"3\u00a0Minuten"},"schema":{"@context":"https:\/\/schema.org","@graph":[{"@type":"WebPage","@id":"https:\/\/meintueroeffner.de\/index.php\/mein-turoffner-bochum\/einsatzbereiche-bochum-unsere-servicebereich\/","url":"https:\/\/meintueroeffner.de\/index.php\/mein-turoffner-bochum\/einsatzbereiche-bochum-unsere-servicebereich\/","name":"Einsatzbereiche Bochum - Unsere Servicebereich - Mein T\u00fcr\u00f6ffner","isPartOf":{"@id":"https:\/\/meintueroeffner.de\/#website"},"datePublished":"2020-11-16T04:59:44+00:00","dateModified":"2023-01-25T10:57:48+00:00","description":"Qualifizierter Schl\u00fcsseldienst: Bochum & weitere Einsatzbereiche \u2705 T\u00fcr\u00f6ffnung \u2705 Auto\u00f6ffnung \u2705 Einbruchschutz \u2705 \u260e 020830994875 \u27a5 24h Notdienst","breadcrumb":{"@id":"https:\/\/meintueroeffner.de\/index.php\/mein-turoffner-bochum\/einsatzbereiche-bochum-unsere-servicebereich\/#breadcrumb"},"inLanguage":"de-DE","potentialAction":[{"@type":"ReadAction","target":["https:\/\/meintueroeffner.de\/index.php\/mein-turoffner-bochum\/einsatzbereiche-bochum-unsere-servicebereich\/"]}]},{"@type":"BreadcrumbList","@id":"https:\/\/meintueroeffner.de\/index.php\/mein-turoffner-bochum\/einsatzbereiche-bochum-unsere-servicebereich\/#breadcrumb","itemListElement":[{"@type":"ListItem","position":1,"name":"Home","item":"https:\/\/meintueroeffner.de\/"},{"@type":"ListItem","position":2,"name":"Mein T\u00fcr\u00f6ffner Bochum","item":"https:\/\/meintueroeffner.de\/index.php\/mein-turoffner-bochum\/"},{"@type":"ListItem","position":3,"name":"Einsatzbereiche Bochum &#8211; Unsere Servicebereich"}]},{"@type":"WebSite","@id":"https:\/\/meintueroeffner.de\/#website","url":"https:\/\/meintueroeffner.de\/","name":"Mein T\u00fcr\u00f6ffner","description":"","potentialAction":[{"@type":"SearchAction","target":{"@type":"EntryPoint","urlTemplate":"https:\/\/meintueroeffner.de\/?s={search_term_string}"},"query-input":"required name=search_term_string"}],"inLanguage":"de-DE"}]}},"_links":{"self":[{"href":"https:\/\/meintueroeffner.de\/index.php\/wp-json\/wp\/v2\/pages\/215"}],"collection":[{"href":"https:\/\/meintueroeffner.de\/index.php\/wp-json\/wp\/v2\/pages"}],"about":[{"href":"https:\/\/meintueroeffner.de\/index.php\/wp-json\/wp\/v2\/types\/page"}],"author":[{"embeddable":true,"href":"https:\/\/meintueroeffner.de\/index.php\/wp-json\/wp\/v2\/users\/2"}],"replies":[{"embeddable":true,"href":"https:\/\/meintueroeffner.de\/index.php\/wp-json\/wp\/v2\/comments?post=215"}],"version-history":[{"count":8,"href":"https:\/\/meintueroeffner.de\/index.php\/wp-json\/wp\/v2\/pages\/215\/revisions"}],"predecessor-version":[{"id":478,"href":"https:\/\/meintueroeffner.de\/index.php\/wp-json\/wp\/v2\/pages\/215\/revisions\/478"}],"up":[{"embeddable":true,"href":"https:\/\/meintueroeffner.de\/index.php\/wp-json\/wp\/v2\/pages\/171"}],"wp:attachment":[{"href":"https:\/\/meintueroeffner.de\/index.php\/wp-json\/wp\/v2\/media?parent=215"}],"curies":[{"name":"wp","href":"https:\/\/api.w.org\/{rel}","templated":true}]}}