{"id":195,"date":"2020-11-16T03:50:38","date_gmt":"2020-11-16T03:50:38","guid":{"rendered":"https:\/\/meintueroeffner.de\/?page_id=195"},"modified":"2023-01-25T11:32:54","modified_gmt":"2023-01-25T11:32:54","slug":"tresoroffnung-hagen-wir-offnen-alle-safes","status":"publish","type":"page","link":"https:\/\/meintueroeffner.de\/index.php\/mein-turoffner-hagen\/tresoroffnung-hagen-wir-offnen-alle-safes\/","title":{"rendered":"Tresor\u00f6ffnung Hagen &#8211; Wir \u00f6ffnen alle Safes"},"content":{"rendered":"<p>[vc_row][vc_column][vc_column_text]<\/p>\n<h2>Tresor\u00f6ffnung in Hagen &#8211; Keine Besch\u00e4digungen, zu fairen Preisen<\/h2>\n<p>[\/vc_column_text][vc_empty_space][vc_column_text]Der Safe muss \u00f6fter ge\u00f6ffnet werden, als Sie vielleicht denken. Es gibt viele Gr\u00fcnde. Zum Beispiel einen kaputten, verlorenen oder gestohlenen Schl\u00fcssel f\u00fcr einen Safe.<\/p>\n<p>Alles bedauerliche F\u00e4lle, in denen der Hagener\u00a0Schlosser der kompetente Ansprechpartner vor Ort f\u00fcr die Tresor\u00f6ffnung ist. Wir \u00f6ffnen alle Safes, unabh\u00e4ngig von Marke oder Modell, wir handeln schnell und zu vern\u00fcnftigen Preisen. In 99% der F\u00e4lle ohne Schaden.[\/vc_column_text][\/vc_column][\/vc_row][vc_row][vc_column][vc_column_text]<\/p>\n<h2>Tresor\u00f6ffnung in Hagen &#8211; Unser Qualit\u00e4tsversprechen<\/h2>\n<p>[\/vc_column_text][vc_empty_space][vc_row_inner][vc_column_inner width=&#8220;1\/3&#8243;][vc_single_image image=&#8220;99&#8243; img_size=&#8220;full&#8220; alignment=&#8220;center&#8220; image_hovers=&#8220;false&#8220;][\/vc_column_inner][vc_column_inner width=&#8220;2\/3&#8243;][vc_column_text]<\/p>\n<div class=\"vc_row wpb_row vc_row-fluid\">\n<div class=\"wpb_column vc_column_container vc_col-sm-12\">\n<div class=\"vc_column-inner\">\n<div class=\"wpb_wrapper\">\n<div class=\"vc_row wpb_row vc_inner vc_row-fluid\">\n<div class=\"wpb_column vc_column_container vc_col-sm-8\">\n<div class=\"vc_column-inner\">\n<div class=\"wpb_wrapper\">\n<div class=\"wpb_text_column wpb_content_element \">\n<div class=\"wpb_wrapper\">\n<p>Besonders nachts oder an Tagen in denen keiner vor Ort ist, kann ein defektes Tresorschloss oder ein verlorener Schl\u00fcssel verh\u00e4ngnisvoll sein.<\/p>\n<p>Vertrauen Sie daher einem seri\u00f6sen Dienstleister mit dem rund um sorglos Paket f\u00fcr alle Leistungen zum Thema um T\u00fcren und Tresore, sowie Sicherheitstechnik f\u00fcr Ihr Zuhause und das Gewerbe. Die langj\u00e4hrige Erfahrung unserer Mitarbeiter und der Einsatz professioneller Werkzeuge garantieren Ihnen einen schnellen Einlass ohne Besch\u00e4digung.<\/p>\n<\/div>\n<\/div>\n<\/div>\n<\/div>\n<\/div>\n<\/div>\n<\/div>\n<\/div>\n<\/div>\n<\/div>\n<p>[\/vc_column_text][\/vc_column_inner][\/vc_row_inner][vc_column_text]Garantiert zu jeder Zeit erreichbar. \u00dcberall in Hagen. Keine Wartezeiten.<br \/>\nMachen Sie von einer Tresor\u00f6ffnung oder T\u00fcr\u00f6ffnung Gebrauch.<br \/>\nTresor\u00f6ffnung in Hagen &#8211; Unser Qualit\u00e4tsversprechen[\/vc_column_text][\/vc_column][\/vc_row][vc_row][vc_column][vc_column_text]<\/p>\n<h2>Eine 24\/7 Tresor\u00f6ffnung f\u00fcr Falkensee muss nicht viel kosten<\/h2>\n<p>[\/vc_column_text][vc_empty_space][vc_row_inner][vc_column_inner width=&#8220;2\/3&#8243;][vc_column_text]<\/p>\n<div class=\"vc_row wpb_row vc_inner vc_row-fluid\">\n<div class=\"wpb_column vc_column_container vc_col-sm-8\">\n<div class=\"vc_column-inner\">\n<div class=\"wpb_wrapper\">\n<div class=\"wpb_text_column wpb_content_element \">\n<div class=\"wpb_wrapper\">\n<p>Wenn Sie an die Tresor\u00f6ffnung in Hagen denken, denken Sie sicherlich an hohe Kosten, die f\u00fcr die Dienstleistung anfallen.<\/p>\n<p>Wir bieten Ihnen faire Konditionen und g\u00fcnstige Preise. Fragen Sie uns an! Wir, die Tresor\u00f6ffnung Hagen, erstellen Ihnen gern ein Angebot, das zu Ihren Bed\u00fcrfnissen passt.<\/p>\n<p>Wir haben keine versteckten Kosten oder Geb\u00fchren f\u00fcr Sonn- und Feiertage. Wir geben Ihnen unser Preisversprechen. Bezahlen Sie nicht mehr als notwendig f\u00fcr eine Tresor- oder T\u00fcr\u00f6ffnung.<\/p>\n<\/div>\n<\/div>\n<\/div>\n<\/div>\n<\/div>\n<\/div>\n<p>[\/vc_column_text][\/vc_column_inner][vc_column_inner width=&#8220;1\/3&#8243;][vc_single_image image=&#8220;101&#8243; img_size=&#8220;full&#8220; alignment=&#8220;center&#8220; image_hovers=&#8220;false&#8220;][\/vc_column_inner][\/vc_row_inner][vc_column_text]Da die Sicherheit bei einer Tresor\u00f6ffnung f\u00fcr Hagen im Fokus steht und als wichtiges Kriterium z\u00e4hlt, weisen Sie sich bei der Beauftragung aus und zeigen Ihre Berechtigung zur Verf\u00fcgung \u00fcber den Tresor vor. Auch die Kontrolle Ihrer Identit\u00e4t geh\u00f6rt zu dem seri\u00f6sen Gesch\u00e4ftsprinzip und schlie\u00dft aus, dass Ihr Tresor f\u00fcr einen unbefugten Zugriff \u00f6ffnen. Die Oberfl\u00e4che sieht nach einer Tresor\u00f6ffnung f\u00fcr Hagen wie neu aus und weist keinerlei Spuren auf, die auf den Schl\u00fcsseldienst und eine Not\u00f6ffnung hinweisen.<\/p>\n<p>Auch komplexe Modelle k\u00f6nnen in Ihrem Auftrag ge\u00f6ffnet werden und Ihnen den Zugriff auf Ihre Dokumente oder Wertsachen erm\u00f6glichen. Welcher Tresor f\u00fcr Sie der richtige ist, m\u00fcssen Sie sich gut \u00fcberlegen.<\/p>\n<p>&nbsp;<\/p>\n<p><a href=\"https:\/\/www.srf.ch\/sendungen\/kassensturz-espresso\/tests\/kassensturz-tests\/kleintresore-im-knack-test-nur-die-wenigsten-bieten-schutz\" target=\"_blank\" rel=\"noopener noreferrer\">Das SRF hat einen informativen Beitrag dazu geliefert\u00a0wie sicher welche Tresore\u00a0wirklich sind.<\/a>[\/vc_column_text][\/vc_column][\/vc_row][vc_row css=&#8220;.vc_custom_1602870112785{margin-top: 35px !important;margin-bottom: 35px !important;}&#8220;][vc_column]<style type=\"text\/css\" data-type=\"the7_shortcodes-inline-css\">#default-btn-0a523490b77f563ea91470b0ad53155b.ico-right-side > i {\n  margin-right: 0px;\n  margin-left: 8px;\n}\n#default-btn-0a523490b77f563ea91470b0ad53155b > i {\n  margin-right: 8px;\n}\n#default-btn-0a523490b77f563ea91470b0ad53155b * {\n  vertical-align: middle;\n}\n<\/style><div class=\"btn-align-center\"><a href=\"tel:020830994875\" class=\"default-btn-shortcode dt-btn dt-btn-l link-hover-off \" id=\"default-btn-0a523490b77f563ea91470b0ad53155b\"><i class=\"fas fa-phone-alt\"><\/i><span>Rufen Sie den Tresor\u00f6ffnung an: 020830994875<\/span><\/a><\/div>[\/vc_column][\/vc_row][vc_row][vc_column][vc_column_text]Zu g\u00fcnstigen Preisen k\u00fcmmern sich die Spezialisten um Ihren Tresor. Ganz ohne Wartezeit. Wir sind binnen Minuten bei Ihnen vor Ort. Vertrauen Sie auf unsere Kompetenz. Wir erledigen diese komplexe und anspruchsvolle Aufgabe in Ihrem Auftrag.<\/p>\n<p>Der Schl\u00fcsseldienst arbeitet mit professionellen Spezialwerkzeugen. Wir garantieren Ihnen fundierte Kenntnisse und Techniken, die zur Tresor- und T\u00fcr\u00f6ffnung unabdingbar sind und eine wichtige Voraussetzung darstellen.<\/p>\n<p>&nbsp;<\/p>\n<p>Auf Anfrage erstellen wir Ihnen im Vorab ein Angebot. So haben Sie alle anfallenden Kosten immer im Blick. Transparent und seri\u00f6s.<\/p>\n<p>Nach Pr\u00fcfung k\u00f6nnen Sie Ihren Auftrag bei der Tresor\u00f6ffnung f\u00fcr Falkensee ausl\u00f6sen.[\/vc_column_text][\/vc_column][\/vc_row][vc_row][vc_column]<div id=\"ultimate-heading-718369e083cbe5191\" class=\"uvc-heading ult-adjust-bottom-margin ultimate-heading-718369e083cbe5191 uvc-7535  uvc-heading-default-font-sizes\" data-hspacer=\"no_spacer\"  data-halign=\"left\" style=\"text-align:left\"><div class=\"uvc-heading-spacer no_spacer\" style=\"top\"><\/div><div class=\"uvc-main-heading ult-responsive\"  data-ultimate-target='.uvc-heading.ultimate-heading-718369e083cbe5191 h2'  data-responsive-json-new='{\"font-size\":\"\",\"line-height\":\"\"}' ><h2 style=\"--font-weight:theme;\">Kompetenter Schl\u00fcsseldienst f\u00fcr T\u00fcr\u00f6ffnungen aller Art<\/h2><\/div><\/div>[vc_empty_space][vc_row_inner][vc_column_inner][vc_column_text]Zentraler Mittelpunkt unserer Arbeit bei der Tresor\u00f6ffnung Falkensee ist die Sicherheit. Daher ist es notwendig, dass Sie sich im Auftragsfall ausweisen k\u00f6nnen und die Berechtigung zur Verf\u00fcgung \u00fcber den Tresor vorzeigen k\u00f6nnen. Dazu z\u00e4hlt auch die \u00dcberpr\u00fcfung Ihrer Identit\u00e4t, um auszuschlie\u00dfen, dass ein unbefugter Zugriff erfolgt.<\/p>\n<p>Die Tresor\u00f6ffnung Hagen steht Ihnen f\u00fcr die \u00d6ffnung jedes Schlosses zur Verf\u00fcgung. Egal ob zum B\u00fcro, in die Wohnung oder Ihr Haus. Mit unserem 24 h Service stehen unsere Mitarbeiter Ihnen rund um die Uhr zur Verf\u00fcgung, in allen Stadtteilen. Wir sind f\u00fcr Sie da. Beauftragen Sie uns im Bedarfsfall.<\/p>\n<p>Sie m\u00fcssen nicht dar\u00fcber nachdenken, ob sich der Schl\u00fcssel in der Wohnung befindet oder ob Sie ihn unterwegs verloren haben. Selbst ein im Auto zur\u00fcckgelassener Schl\u00fcssel muss Sie nicht an der zeitnahen Weiterfahrt hindern, da die Auto\u00f6ffnung f\u00fcr Hagen schnell und kompetent helfen kann.<\/p>\n<p>Sch\u00fctzen Sie ihr Haus, Ihre Wohnung oder Ihr Unternehmensgeb\u00e4ude besser vor Einbr\u00fcchen. Wenden Sie sich an die Tresor\u00f6ffnung Hagen &#8211;\u00a0Ihrem kompetenten Ansprechpartner f\u00fcr Sicherheitsfragen. Wir verf\u00fcgen \u00fcber aktuelles Wissen und fundierte Kenntnisse und beraten Sie dazu, wie Sie sich vor Diebst\u00e4hlen sch\u00fctzen k\u00f6nnen.<\/p>\n<p>Wir nehmen uns jeder Herausforderung an, wie komplex sie auch sein mag. Im Notfall sind wir f\u00fcr Sie vor Ort.<\/p>\n<p>Unsere Mitarbeiter bieten Ihnen alle Dienstleistungen, die zu einem regul\u00e4ren Schl\u00fcsselnotdienst geh\u00f6ren. Wir tauschen auf Wunsch Haus- und Wohnungst\u00fcrschl\u00f6sser aus. Wir stehen Ihnen kompetent bei Fragen zur Sicherheit, Tresorwahl zur Verf\u00fcgung. Ihre Dokumente und Wertsachen sind mit uns sicher![\/vc_column_text][\/vc_column_inner][\/vc_row_inner][\/vc_column][\/vc_row][vc_row][vc_column width=&#8220;1\/4&#8243;][\/vc_column][vc_column width=&#8220;1\/2&#8243;][vc_single_image image=&#8220;102&#8243; img_size=&#8220;full&#8220; alignment=&#8220;center&#8220; image_hovers=&#8220;false&#8220;][\/vc_column][vc_column width=&#8220;1\/4&#8243;][\/vc_column][\/vc_row][vc_row][vc_column][vc_column_text]Wir garantieren Ihnen eine besch\u00e4digungsfreie \u00d6ffnung Ihres Tresores. Vertrauen Sie auf unsere Professionalit\u00e4t, Erfahrung und Kompetenz in Beratung und Ausf\u00fchrung.<\/p>\n<p>Verzichten Sie auf halbe Sachen, wenn es um Ihre Sicherheit geht. Wieso etwas riskieren, wenn Sie auf eine schnelle und unkomplizierte Hilfe zur\u00fcckgreifen k\u00f6nnen, Der Schl\u00fcsseldienst Hagen steht Ihnen jederzeit telefonisch zur Verf\u00fcgung. Sie erreichen unseren Notruf 24 Stunden am Tag, 365 Tage im Jahr. Wir sind f\u00fcr Sie da, wenn Sie uns brauchen!<\/p>\n<p>Machen Sie von unserem Kostenvoranschlag gebrauch. Wir bieten Ihnen g\u00fcnstige Preise und vergleichbare Konditionen. Pr\u00fcfen Sie uns im Vorab und beauftragen Sie uns dann mit Ihrem Anliegen zur \u00d6ffnung Ihres Tresors.<\/p>\n<p>Nach Durchf\u00fchrung werden keine sichtbaren Spuren vorhanden sein, die auf eine \u00d6ffnung hinweisen. Ihr Tresor sieht nach der Not\u00f6ffnung aus wie neu.[\/vc_column_text][\/vc_column][\/vc_row]<\/p>\n","protected":false},"excerpt":{"rendered":"<p>[vc_row][vc_column][vc_column_text] Tresor\u00f6ffnung in Hagen &#8211; Keine Besch\u00e4digungen, zu fairen Preisen [\/vc_column_text][vc_empty_space][vc_column_text]Der Safe muss \u00f6fter ge\u00f6ffnet werden, als Sie vielleicht denken. Es gibt viele Gr\u00fcnde. Zum Beispiel einen kaputten, verlorenen oder gestohlenen Schl\u00fcssel f\u00fcr einen Safe. Alles bedauerliche F\u00e4lle, in denen der Hagener\u00a0Schlosser der kompetente Ansprechpartner vor Ort f\u00fcr die Tresor\u00f6ffnung ist. Wir \u00f6ffnen alle Safes,&hellip;<\/p>\n","protected":false},"author":2,"featured_media":0,"parent":170,"menu_order":0,"comment_status":"closed","ping_status":"closed","template":"template-microsite.php","meta":[],"yoast_head":"<!-- This site is optimized with the Yoast SEO plugin v19.8 - https:\/\/yoast.com\/wordpress\/plugins\/seo\/ -->\n<title>Tresor\u00f6ffnung Hagen - Wir \u00f6ffnen alle Safes - Mein T\u00fcr\u00f6ffner<\/title>\n<meta name=\"description\" content=\"Schl\u00fcsseldienst: Hagen \u2705 T\u00fcr\u00f6ffnung \u2705 Auto\u00f6ffnung \u2705 Einbruchschutz \u2705 Kontakt: \u260e 020830994875 \u27a5 24h Notdienst \u2705 Tresor\u00f6ffnungen: alle Safes\" \/>\n<meta name=\"robots\" content=\"index, follow, max-snippet:-1, max-image-preview:large, max-video-preview:-1\" \/>\n<link rel=\"canonical\" href=\"https:\/\/meintueroeffner.de\/index.php\/mein-turoffner-hagen\/tresoroffnung-hagen-wir-offnen-alle-safes\/\" \/>\n<meta property=\"og:locale\" content=\"de_DE\" \/>\n<meta property=\"og:type\" content=\"article\" \/>\n<meta property=\"og:title\" content=\"Tresor\u00f6ffnung Hagen - Wir \u00f6ffnen alle Safes - Mein T\u00fcr\u00f6ffner\" \/>\n<meta property=\"og:description\" content=\"Schl\u00fcsseldienst: Hagen \u2705 T\u00fcr\u00f6ffnung \u2705 Auto\u00f6ffnung \u2705 Einbruchschutz \u2705 Kontakt: \u260e 020830994875 \u27a5 24h Notdienst \u2705 Tresor\u00f6ffnungen: alle Safes\" \/>\n<meta property=\"og:url\" content=\"https:\/\/meintueroeffner.de\/index.php\/mein-turoffner-hagen\/tresoroffnung-hagen-wir-offnen-alle-safes\/\" \/>\n<meta property=\"og:site_name\" content=\"Mein T\u00fcr\u00f6ffner\" \/>\n<meta property=\"article:modified_time\" content=\"2023-01-25T11:32:54+00:00\" \/>\n<meta name=\"twitter:card\" content=\"summary_large_image\" \/>\n<meta name=\"twitter:label1\" content=\"Gesch\u00e4tzte Lesezeit\" \/>\n\t<meta name=\"twitter:data1\" content=\"5\u00a0Minuten\" \/>\n<script type=\"application\/ld+json\" class=\"yoast-schema-graph\">{\"@context\":\"https:\/\/schema.org\",\"@graph\":[{\"@type\":\"WebPage\",\"@id\":\"https:\/\/meintueroeffner.de\/index.php\/mein-turoffner-hagen\/tresoroffnung-hagen-wir-offnen-alle-safes\/\",\"url\":\"https:\/\/meintueroeffner.de\/index.php\/mein-turoffner-hagen\/tresoroffnung-hagen-wir-offnen-alle-safes\/\",\"name\":\"Tresor\u00f6ffnung Hagen - Wir \u00f6ffnen alle Safes - Mein T\u00fcr\u00f6ffner\",\"isPartOf\":{\"@id\":\"https:\/\/meintueroeffner.de\/#website\"},\"datePublished\":\"2020-11-16T03:50:38+00:00\",\"dateModified\":\"2023-01-25T11:32:54+00:00\",\"description\":\"Schl\u00fcsseldienst: Hagen \u2705 T\u00fcr\u00f6ffnung \u2705 Auto\u00f6ffnung \u2705 Einbruchschutz \u2705 Kontakt: \u260e 020830994875 \u27a5 24h Notdienst \u2705 Tresor\u00f6ffnungen: alle Safes\",\"breadcrumb\":{\"@id\":\"https:\/\/meintueroeffner.de\/index.php\/mein-turoffner-hagen\/tresoroffnung-hagen-wir-offnen-alle-safes\/#breadcrumb\"},\"inLanguage\":\"de-DE\",\"potentialAction\":[{\"@type\":\"ReadAction\",\"target\":[\"https:\/\/meintueroeffner.de\/index.php\/mein-turoffner-hagen\/tresoroffnung-hagen-wir-offnen-alle-safes\/\"]}]},{\"@type\":\"BreadcrumbList\",\"@id\":\"https:\/\/meintueroeffner.de\/index.php\/mein-turoffner-hagen\/tresoroffnung-hagen-wir-offnen-alle-safes\/#breadcrumb\",\"itemListElement\":[{\"@type\":\"ListItem\",\"position\":1,\"name\":\"Home\",\"item\":\"https:\/\/meintueroeffner.de\/\"},{\"@type\":\"ListItem\",\"position\":2,\"name\":\"Mein T\u00fcr\u00f6ffner Hagen\",\"item\":\"https:\/\/meintueroeffner.de\/index.php\/mein-turoffner-hagen\/\"},{\"@type\":\"ListItem\",\"position\":3,\"name\":\"Tresor\u00f6ffnung Hagen &#8211; Wir \u00f6ffnen alle Safes\"}]},{\"@type\":\"WebSite\",\"@id\":\"https:\/\/meintueroeffner.de\/#website\",\"url\":\"https:\/\/meintueroeffner.de\/\",\"name\":\"Mein T\u00fcr\u00f6ffner\",\"description\":\"\",\"potentialAction\":[{\"@type\":\"SearchAction\",\"target\":{\"@type\":\"EntryPoint\",\"urlTemplate\":\"https:\/\/meintueroeffner.de\/?s={search_term_string}\"},\"query-input\":\"required name=search_term_string\"}],\"inLanguage\":\"de-DE\"}]}<\/script>\n<!-- \/ Yoast SEO plugin. -->","yoast_head_json":{"title":"Tresor\u00f6ffnung Hagen - Wir \u00f6ffnen alle Safes - Mein T\u00fcr\u00f6ffner","description":"Schl\u00fcsseldienst: Hagen \u2705 T\u00fcr\u00f6ffnung \u2705 Auto\u00f6ffnung \u2705 Einbruchschutz \u2705 Kontakt: \u260e 020830994875 \u27a5 24h Notdienst \u2705 Tresor\u00f6ffnungen: alle Safes","robots":{"index":"index","follow":"follow","max-snippet":"max-snippet:-1","max-image-preview":"max-image-preview:large","max-video-preview":"max-video-preview:-1"},"canonical":"https:\/\/meintueroeffner.de\/index.php\/mein-turoffner-hagen\/tresoroffnung-hagen-wir-offnen-alle-safes\/","og_locale":"de_DE","og_type":"article","og_title":"Tresor\u00f6ffnung Hagen - Wir \u00f6ffnen alle Safes - Mein T\u00fcr\u00f6ffner","og_description":"Schl\u00fcsseldienst: Hagen \u2705 T\u00fcr\u00f6ffnung \u2705 Auto\u00f6ffnung \u2705 Einbruchschutz \u2705 Kontakt: \u260e 020830994875 \u27a5 24h Notdienst \u2705 Tresor\u00f6ffnungen: alle Safes","og_url":"https:\/\/meintueroeffner.de\/index.php\/mein-turoffner-hagen\/tresoroffnung-hagen-wir-offnen-alle-safes\/","og_site_name":"Mein T\u00fcr\u00f6ffner","article_modified_time":"2023-01-25T11:32:54+00:00","twitter_card":"summary_large_image","twitter_misc":{"Gesch\u00e4tzte Lesezeit":"5\u00a0Minuten"},"schema":{"@context":"https:\/\/schema.org","@graph":[{"@type":"WebPage","@id":"https:\/\/meintueroeffner.de\/index.php\/mein-turoffner-hagen\/tresoroffnung-hagen-wir-offnen-alle-safes\/","url":"https:\/\/meintueroeffner.de\/index.php\/mein-turoffner-hagen\/tresoroffnung-hagen-wir-offnen-alle-safes\/","name":"Tresor\u00f6ffnung Hagen - Wir \u00f6ffnen alle Safes - Mein T\u00fcr\u00f6ffner","isPartOf":{"@id":"https:\/\/meintueroeffner.de\/#website"},"datePublished":"2020-11-16T03:50:38+00:00","dateModified":"2023-01-25T11:32:54+00:00","description":"Schl\u00fcsseldienst: Hagen \u2705 T\u00fcr\u00f6ffnung \u2705 Auto\u00f6ffnung \u2705 Einbruchschutz \u2705 Kontakt: \u260e 020830994875 \u27a5 24h Notdienst \u2705 Tresor\u00f6ffnungen: alle Safes","breadcrumb":{"@id":"https:\/\/meintueroeffner.de\/index.php\/mein-turoffner-hagen\/tresoroffnung-hagen-wir-offnen-alle-safes\/#breadcrumb"},"inLanguage":"de-DE","potentialAction":[{"@type":"ReadAction","target":["https:\/\/meintueroeffner.de\/index.php\/mein-turoffner-hagen\/tresoroffnung-hagen-wir-offnen-alle-safes\/"]}]},{"@type":"BreadcrumbList","@id":"https:\/\/meintueroeffner.de\/index.php\/mein-turoffner-hagen\/tresoroffnung-hagen-wir-offnen-alle-safes\/#breadcrumb","itemListElement":[{"@type":"ListItem","position":1,"name":"Home","item":"https:\/\/meintueroeffner.de\/"},{"@type":"ListItem","position":2,"name":"Mein T\u00fcr\u00f6ffner Hagen","item":"https:\/\/meintueroeffner.de\/index.php\/mein-turoffner-hagen\/"},{"@type":"ListItem","position":3,"name":"Tresor\u00f6ffnung Hagen &#8211; Wir \u00f6ffnen alle Safes"}]},{"@type":"WebSite","@id":"https:\/\/meintueroeffner.de\/#website","url":"https:\/\/meintueroeffner.de\/","name":"Mein T\u00fcr\u00f6ffner","description":"","potentialAction":[{"@type":"SearchAction","target":{"@type":"EntryPoint","urlTemplate":"https:\/\/meintueroeffner.de\/?s={search_term_string}"},"query-input":"required name=search_term_string"}],"inLanguage":"de-DE"}]}},"_links":{"self":[{"href":"https:\/\/meintueroeffner.de\/index.php\/wp-json\/wp\/v2\/pages\/195"}],"collection":[{"href":"https:\/\/meintueroeffner.de\/index.php\/wp-json\/wp\/v2\/pages"}],"about":[{"href":"https:\/\/meintueroeffner.de\/index.php\/wp-json\/wp\/v2\/types\/page"}],"author":[{"embeddable":true,"href":"https:\/\/meintueroeffner.de\/index.php\/wp-json\/wp\/v2\/users\/2"}],"replies":[{"embeddable":true,"href":"https:\/\/meintueroeffner.de\/index.php\/wp-json\/wp\/v2\/comments?post=195"}],"version-history":[{"count":3,"href":"https:\/\/meintueroeffner.de\/index.php\/wp-json\/wp\/v2\/pages\/195\/revisions"}],"predecessor-version":[{"id":497,"href":"https:\/\/meintueroeffner.de\/index.php\/wp-json\/wp\/v2\/pages\/195\/revisions\/497"}],"up":[{"embeddable":true,"href":"https:\/\/meintueroeffner.de\/index.php\/wp-json\/wp\/v2\/pages\/170"}],"wp:attachment":[{"href":"https:\/\/meintueroeffner.de\/index.php\/wp-json\/wp\/v2\/media?parent=195"}],"curies":[{"name":"wp","href":"https:\/\/api.w.org\/{rel}","templated":true}]}}