{"id":185,"date":"2020-11-16T03:10:07","date_gmt":"2020-11-16T03:10:07","guid":{"rendered":"https:\/\/meintueroeffner.de\/?page_id=185"},"modified":"2023-01-25T11:13:10","modified_gmt":"2023-01-25T11:13:10","slug":"autooffnung-hagen-alle-marken-und-modelle","status":"publish","type":"page","link":"https:\/\/meintueroeffner.de\/index.php\/mein-turoffner-hagen\/autooffnung-hagen-alle-marken-und-modelle\/","title":{"rendered":"Auto\u00f6ffnung Hagen &#8211; Alle Marken und Modelle"},"content":{"rendered":"<p>[vc_row][vc_column][vc_column_text]<\/p>\n<h2>Auto\u00f6ffnung Hagen &#8211;\u00a0egal welche Marke und Modell<\/h2>\n<p>[\/vc_column_text][vc_empty_space][vc_column_text]Sie haben sich versehentlich aus dem Auto ausgeschlossen? Jetzt brauchen Sie einen Schl\u00fcsseldienst, der Ihnen die T\u00fcr \u00f6ffnet? Kein Problem! Der Schl\u00fcsselnotdienst Falkensee \u00f6ffnet nicht nur Ihre Wohnungst\u00fcr, sondern auch Ihr Fahrzeug. Egal, welche Marke oder welches Modell, der Schl\u00fcsseldienst f\u00fcr die Auto\u00f6ffnung Falkensee hilft Ihnen jeder Zeit in allen Stadtteilen, rund um die Uhr mit unserem 24-Stunden-Service.[\/vc_column_text][\/vc_column][\/vc_row][vc_row][vc_column][vc_column_text]<\/p>\n<h2>Auto\u00f6ffnung in Hagen &#8211; Rufen Sie die Mitarbeiter des Schl\u00fcsseldienstes<\/h2>\n<p>[\/vc_column_text][vc_row_inner css=&#8220;.vc_custom_1602863800884{margin-top: 35px !important;}&#8220;][vc_column_inner width=&#8220;1\/2&#8243;][vc_single_image image=&#8220;73&#8243; img_size=&#8220;full&#8220; alignment=&#8220;center&#8220; image_hovers=&#8220;false&#8220;][\/vc_column_inner][vc_column_inner width=&#8220;1\/2&#8243;][vc_column_text]Die T\u00fcren Ihres Fahrzeuges lassen sich nicht mehr \u00f6ffnen, weil der Schl\u00fcssel im Inneren liegt? Der Grund ist die automatische Zentralverriegelung, welche bewirkt, dass sich die T\u00fcren nicht mehr aufschlie\u00dfen lassen.<\/p>\n<p>Es k\u00f6nnen aber auch technische Probleme an der Verriegelung vorliegen, wodurch Sie das Auto trotz Schl\u00fcssel nicht \u00f6ffnen k\u00f6nnen.<\/p>\n<p>Technische Defekte und St\u00f6rungen an Steckverbindungen der Zentralverriegelung k\u00f6nnen dazu f\u00fchren, dass sich einzelne T\u00fcren, der Kofferraum oder die Tankklappe nicht bedienen lassen.<\/p>\n<p>All das ist ein Fall f\u00fcr die Auto\u00f6ffnung Hagen. Vertrauen Sie unserem kompetenten 24 h-Service.[\/vc_column_text][\/vc_column_inner][\/vc_row_inner][vc_column_text]Zahlreiche informative Fakten zu Ihrem Autoschl\u00fcssel liefert Ihnen auch die Autobild.<\/p>\n<p>Der qualifizierte Mitarbeiter vom Schl\u00fcsseldienst f\u00fcr Hagen kann Ihre Fahrzeugt\u00fcr ohne Besch\u00e4digungen, am Lack oder der Karosserie mit speziellen Werkzeugen wieder entriegeln und Ihnen \u00f6ffnen.[\/vc_column_text][\/vc_column][\/vc_row][vc_row][vc_column][vc_column_text]<\/p>\n<h2>Auto\u00f6ffnung in Falkensee &#8211;\u00a0Besch\u00e4digungsfreie Entriegelung<\/h2>\n<p>[\/vc_column_text][vc_row_inner css=&#8220;.vc_custom_1602863795310{margin-top: 35px !important;}&#8220;][vc_column_inner width=&#8220;1\/2&#8243;][vc_column_text]Bei \u00e4lteren Wagen befinden sich an der Seite der T\u00fcren Kn\u00f6pfchen, mit welchen diese geschlossen oder ge\u00f6ffnet werden kann. Ist dies bei Ihrem Auto der Fall, dann kann die Auto\u00f6ffnung f\u00fcr Hagen das Kn\u00f6pfchen mit einem speziellen Draht herausziehen und dadurch Ihren Wagen wieder aufsperren.<\/p>\n<p>Hagen Auto\u00f6ffnung<\/p>\n<p>Ist dies nicht m\u00f6glich, dann versucht der Fachmann diese mit einem Kissen, welches er mit Luft f\u00fcllt, einen Spalt zu \u00f6ffnen. \u00c4hnliches gelingt auch mit einem gepolsterten Keil, der den Lack Ihres Wagens selbstverst\u00e4ndlich nicht besch\u00e4digt.<\/p>\n<p>Durch die entstandene leichte \u00d6ffnung kann die Wagent\u00fcr entriegelt werden. Zudem nimmt der Fachmann Spezialwerkzeug zur Hilfe, mit welchem das Schloss manipuliert werden kann.[\/vc_column_text][\/vc_column_inner][vc_column_inner width=&#8220;1\/2&#8243;][vc_single_image image=&#8220;75&#8243; img_size=&#8220;full&#8220; alignment=&#8220;center&#8220; image_hovers=&#8220;false&#8220;][\/vc_column_inner][\/vc_row_inner][vc_column_text]Der Schl\u00fcsseldienst \u00f6ffnet auch Wohnwagen oder Kofferraumklappen, Tankdeckel oder Anh\u00e4ngert\u00fcren. Auch Schl\u00f6sser, welche defekt sind, k\u00f6nnen professionell entriegelt werden. Wir \u00f6ffnen alle Schl\u00f6sser.[\/vc_column_text][\/vc_column][\/vc_row][vc_row link=&#8220;url:tel%3A020830994875&#8243; smooth_scroll=&#8220;n&#8220; size=&#8220;big&#8220; btn_width=&#8220;btn_auto_width&#8220; custom_btn_width=&#8220;200&#8243; button_alignment=&#8220;btn_center&#8220; animation=&#8220;&#8220; font_size=&#8220;14px&#8220; button_padding=&#8220;12px 18px 12px 18px&#8220; border_width=&#8220;0px&#8220; border_radius=&#8220;1px&#8220; btn_decoration=&#8220;none&#8220; text_color=&#8220;&#8220; default_btn_border=&#8220;y&#8220; default_btn_border_color=&#8220;&#8220; default_btn_bg=&#8220;y&#8220; default_btn_bg_color=&#8220;&#8220; default_btn_hover=&#8220;y&#8220; text_hover_color=&#8220;&#8220; default_btn_border_hover=&#8220;y&#8220; default_btn_border_hover_color=&#8220;&#8220; default_btn_bg_hover=&#8220;y&#8220; bg_hover_color=&#8220;&#8220; link_font_size=&#8220;14px&#8220; link_font_style=&#8220;:bold:&#8220; link_icon_size=&#8220;12px&#8220; link_padding=&#8220;4px 0px 4px 0px&#8220; link_text_color=&#8220;&#8220; link_hover=&#8220;n&#8220; link_text_hover_color=&#8220;&#8220; link_decoration=&#8220;upwards&#8220; link_border_width=&#8220;2px&#8220; link_border_color=&#8220;&#8220; icon_picker=&#8220;&#8220; icon_gap=&#8220;8px&#8220; icon_align=&#8220;left&#8220; general_settings=&#8220;&#8220; normal_settings=&#8220;&#8220; hover_settings=&#8220;&#8220; link_general_settings=&#8220;&#8220; link_normal_settings=&#8220;&#8220; link_hover_settings=&#8220;&#8220; link_underline_settings=&#8220;&#8220;][vc_column]<style type=\"text\/css\" data-type=\"the7_shortcodes-inline-css\">#default-btn-0a523490b77f563ea91470b0ad53155b.ico-right-side > i {\n  margin-right: 0px;\n  margin-left: 8px;\n}\n#default-btn-0a523490b77f563ea91470b0ad53155b > i {\n  margin-right: 8px;\n}\n#default-btn-0a523490b77f563ea91470b0ad53155b * {\n  vertical-align: middle;\n}\n<\/style><div class=\"btn-align-center\"><a href=\"tel:020830994875\" class=\"default-btn-shortcode dt-btn dt-btn-l link-hover-off \" id=\"default-btn-0a523490b77f563ea91470b0ad53155b\"><i class=\"fas fa-phone-alt\"><\/i><span>Rufen Sie jetzt f\u00fcr Ihre Auto\u00f6ffnung an: 020830994875<\/span><\/a><\/div>[\/vc_column][\/vc_row][vc_row css=&#8220;.vc_custom_1602864134554{margin-top: 35px !important;}&#8220;][vc_column]<div id=\"ultimate-heading-461369e0978d88af5\" class=\"uvc-heading ult-adjust-bottom-margin ultimate-heading-461369e0978d88af5 uvc-9284  uvc-heading-default-font-sizes\" data-hspacer=\"no_spacer\"  data-halign=\"left\" style=\"text-align:left\"><div class=\"uvc-heading-spacer no_spacer\" style=\"top\"><\/div><div class=\"uvc-main-heading ult-responsive\"  data-ultimate-target='.uvc-heading.ultimate-heading-461369e0978d88af5 h2'  data-responsive-json-new='{\"font-size\":\"\",\"line-height\":\"\"}' ><h2 style=\"--font-weight:theme;\">Rufen Sie den professionellen Schl\u00fcsseldienst<\/h2><\/div><\/div>[vc_empty_space][vc_column_text]Eine verriegelte Fahrzeugt\u00fcr, die sich nicht \u00f6ffnen l\u00e4sst oder eine defekte Zentralverriegelung treten immer in den ung\u00fcnstigsten Momenten auf. Sie m\u00fcssen schnell zur Arbeit und sind schon sp\u00e4t dran? Sie haben einen wichtigen Termin? Dann kommt es auf jede Minute an! In einer solchen Situation sind wir ohne Verz\u00f6gerung schnell und kompetent f\u00fcr Sie vor Ort. Sie k\u00f6nnen sich jederzeit an unsere kompetenten Fachkr\u00e4fte wenden \u2013 die Auto\u00f6ffnung in Hagen steht Ihnen im Notfall schnell zur Seite!<\/p>\n<p>Geben Sie uns einfach alle wichtigen Informationen durch, damit wir Ihnen umgehend helfen k\u00f6nnen, Nennen Sie uns das Modell Ihres Fahrzeuges und das Alter. So k\u00f6nnen unsere Spezialisten bereits vor Einsatz die richtige Methode zur \u00d6ffnung Ihres Wagens festlegen.<\/p>\n<p>&nbsp;<\/p>\n<p>Wir sind im gesamten Stadtgebiet von Hagen f\u00fcr Sie im Einsatz. Dadurch haben wir kurze Wege und keine langen Wartezeiten. Versuchen Sie trotz Zeitdruck nicht, selbst das verriegelte Fahrzeug zu \u00f6ffnen. Das f\u00fchrt meist zu Besch\u00e4digungen. Vertrauen Sie auf unsere Erfahrung und investieren Sie in unsere kompetente, schnelle und besch\u00e4digungsfreie \u00d6ffnung.[\/vc_column_text][\/vc_column][\/vc_row]<\/p>\n","protected":false},"excerpt":{"rendered":"<p>[vc_row][vc_column][vc_column_text] Auto\u00f6ffnung Hagen &#8211;\u00a0egal welche Marke und Modell [\/vc_column_text][vc_empty_space][vc_column_text]Sie haben sich versehentlich aus dem Auto ausgeschlossen? Jetzt brauchen Sie einen Schl\u00fcsseldienst, der Ihnen die T\u00fcr \u00f6ffnet? Kein Problem! Der Schl\u00fcsselnotdienst Falkensee \u00f6ffnet nicht nur Ihre Wohnungst\u00fcr, sondern auch Ihr Fahrzeug. Egal, welche Marke oder welches Modell, der Schl\u00fcsseldienst f\u00fcr die Auto\u00f6ffnung Falkensee hilft Ihnen jeder&hellip;<\/p>\n","protected":false},"author":2,"featured_media":0,"parent":170,"menu_order":0,"comment_status":"closed","ping_status":"closed","template":"template-microsite.php","meta":[],"yoast_head":"<!-- This site is optimized with the Yoast SEO plugin v19.8 - https:\/\/yoast.com\/wordpress\/plugins\/seo\/ -->\n<title>Auto\u00f6ffnung Hagen - Alle Marken und Modelle - Mein T\u00fcr\u00f6ffner<\/title>\n<meta name=\"description\" content=\"Qualifizierter Schl\u00fcsseldienst \u2705 T\u00fcr\u00f6ffnung \u2705 Auto\u00f6ffnung \u2705 Einbruchschutz \u2705 Kontakt: \u260e 020830994875 \u27a5 24h Notdienst \u2705 Wartung + Reparatur\" \/>\n<meta name=\"robots\" content=\"index, follow, max-snippet:-1, max-image-preview:large, max-video-preview:-1\" \/>\n<link rel=\"canonical\" href=\"https:\/\/meintueroeffner.de\/index.php\/mein-turoffner-hagen\/autooffnung-hagen-alle-marken-und-modelle\/\" \/>\n<meta property=\"og:locale\" content=\"de_DE\" \/>\n<meta property=\"og:type\" content=\"article\" \/>\n<meta property=\"og:title\" content=\"Auto\u00f6ffnung Hagen - Alle Marken und Modelle - Mein T\u00fcr\u00f6ffner\" \/>\n<meta property=\"og:description\" content=\"Qualifizierter Schl\u00fcsseldienst \u2705 T\u00fcr\u00f6ffnung \u2705 Auto\u00f6ffnung \u2705 Einbruchschutz \u2705 Kontakt: \u260e 020830994875 \u27a5 24h Notdienst \u2705 Wartung + Reparatur\" \/>\n<meta property=\"og:url\" content=\"https:\/\/meintueroeffner.de\/index.php\/mein-turoffner-hagen\/autooffnung-hagen-alle-marken-und-modelle\/\" \/>\n<meta property=\"og:site_name\" content=\"Mein T\u00fcr\u00f6ffner\" \/>\n<meta property=\"article:modified_time\" content=\"2023-01-25T11:13:10+00:00\" \/>\n<meta name=\"twitter:card\" content=\"summary_large_image\" \/>\n<meta name=\"twitter:label1\" content=\"Gesch\u00e4tzte Lesezeit\" \/>\n\t<meta name=\"twitter:data1\" content=\"4\u00a0Minuten\" \/>\n<script type=\"application\/ld+json\" class=\"yoast-schema-graph\">{\"@context\":\"https:\/\/schema.org\",\"@graph\":[{\"@type\":\"WebPage\",\"@id\":\"https:\/\/meintueroeffner.de\/index.php\/mein-turoffner-hagen\/autooffnung-hagen-alle-marken-und-modelle\/\",\"url\":\"https:\/\/meintueroeffner.de\/index.php\/mein-turoffner-hagen\/autooffnung-hagen-alle-marken-und-modelle\/\",\"name\":\"Auto\u00f6ffnung Hagen - Alle Marken und Modelle - Mein T\u00fcr\u00f6ffner\",\"isPartOf\":{\"@id\":\"https:\/\/meintueroeffner.de\/#website\"},\"datePublished\":\"2020-11-16T03:10:07+00:00\",\"dateModified\":\"2023-01-25T11:13:10+00:00\",\"description\":\"Qualifizierter Schl\u00fcsseldienst \u2705 T\u00fcr\u00f6ffnung \u2705 Auto\u00f6ffnung \u2705 Einbruchschutz \u2705 Kontakt: \u260e 020830994875 \u27a5 24h Notdienst \u2705 Wartung + Reparatur\",\"breadcrumb\":{\"@id\":\"https:\/\/meintueroeffner.de\/index.php\/mein-turoffner-hagen\/autooffnung-hagen-alle-marken-und-modelle\/#breadcrumb\"},\"inLanguage\":\"de-DE\",\"potentialAction\":[{\"@type\":\"ReadAction\",\"target\":[\"https:\/\/meintueroeffner.de\/index.php\/mein-turoffner-hagen\/autooffnung-hagen-alle-marken-und-modelle\/\"]}]},{\"@type\":\"BreadcrumbList\",\"@id\":\"https:\/\/meintueroeffner.de\/index.php\/mein-turoffner-hagen\/autooffnung-hagen-alle-marken-und-modelle\/#breadcrumb\",\"itemListElement\":[{\"@type\":\"ListItem\",\"position\":1,\"name\":\"Home\",\"item\":\"https:\/\/meintueroeffner.de\/\"},{\"@type\":\"ListItem\",\"position\":2,\"name\":\"Mein T\u00fcr\u00f6ffner Hagen\",\"item\":\"https:\/\/meintueroeffner.de\/index.php\/mein-turoffner-hagen\/\"},{\"@type\":\"ListItem\",\"position\":3,\"name\":\"Auto\u00f6ffnung Hagen &#8211; Alle Marken und Modelle\"}]},{\"@type\":\"WebSite\",\"@id\":\"https:\/\/meintueroeffner.de\/#website\",\"url\":\"https:\/\/meintueroeffner.de\/\",\"name\":\"Mein T\u00fcr\u00f6ffner\",\"description\":\"\",\"potentialAction\":[{\"@type\":\"SearchAction\",\"target\":{\"@type\":\"EntryPoint\",\"urlTemplate\":\"https:\/\/meintueroeffner.de\/?s={search_term_string}\"},\"query-input\":\"required name=search_term_string\"}],\"inLanguage\":\"de-DE\"}]}<\/script>\n<!-- \/ Yoast SEO plugin. -->","yoast_head_json":{"title":"Auto\u00f6ffnung Hagen - Alle Marken und Modelle - Mein T\u00fcr\u00f6ffner","description":"Qualifizierter Schl\u00fcsseldienst \u2705 T\u00fcr\u00f6ffnung \u2705 Auto\u00f6ffnung \u2705 Einbruchschutz \u2705 Kontakt: \u260e 020830994875 \u27a5 24h Notdienst \u2705 Wartung + Reparatur","robots":{"index":"index","follow":"follow","max-snippet":"max-snippet:-1","max-image-preview":"max-image-preview:large","max-video-preview":"max-video-preview:-1"},"canonical":"https:\/\/meintueroeffner.de\/index.php\/mein-turoffner-hagen\/autooffnung-hagen-alle-marken-und-modelle\/","og_locale":"de_DE","og_type":"article","og_title":"Auto\u00f6ffnung Hagen - Alle Marken und Modelle - Mein T\u00fcr\u00f6ffner","og_description":"Qualifizierter Schl\u00fcsseldienst \u2705 T\u00fcr\u00f6ffnung \u2705 Auto\u00f6ffnung \u2705 Einbruchschutz \u2705 Kontakt: \u260e 020830994875 \u27a5 24h Notdienst \u2705 Wartung + Reparatur","og_url":"https:\/\/meintueroeffner.de\/index.php\/mein-turoffner-hagen\/autooffnung-hagen-alle-marken-und-modelle\/","og_site_name":"Mein T\u00fcr\u00f6ffner","article_modified_time":"2023-01-25T11:13:10+00:00","twitter_card":"summary_large_image","twitter_misc":{"Gesch\u00e4tzte Lesezeit":"4\u00a0Minuten"},"schema":{"@context":"https:\/\/schema.org","@graph":[{"@type":"WebPage","@id":"https:\/\/meintueroeffner.de\/index.php\/mein-turoffner-hagen\/autooffnung-hagen-alle-marken-und-modelle\/","url":"https:\/\/meintueroeffner.de\/index.php\/mein-turoffner-hagen\/autooffnung-hagen-alle-marken-und-modelle\/","name":"Auto\u00f6ffnung Hagen - Alle Marken und Modelle - Mein T\u00fcr\u00f6ffner","isPartOf":{"@id":"https:\/\/meintueroeffner.de\/#website"},"datePublished":"2020-11-16T03:10:07+00:00","dateModified":"2023-01-25T11:13:10+00:00","description":"Qualifizierter Schl\u00fcsseldienst \u2705 T\u00fcr\u00f6ffnung \u2705 Auto\u00f6ffnung \u2705 Einbruchschutz \u2705 Kontakt: \u260e 020830994875 \u27a5 24h Notdienst \u2705 Wartung + Reparatur","breadcrumb":{"@id":"https:\/\/meintueroeffner.de\/index.php\/mein-turoffner-hagen\/autooffnung-hagen-alle-marken-und-modelle\/#breadcrumb"},"inLanguage":"de-DE","potentialAction":[{"@type":"ReadAction","target":["https:\/\/meintueroeffner.de\/index.php\/mein-turoffner-hagen\/autooffnung-hagen-alle-marken-und-modelle\/"]}]},{"@type":"BreadcrumbList","@id":"https:\/\/meintueroeffner.de\/index.php\/mein-turoffner-hagen\/autooffnung-hagen-alle-marken-und-modelle\/#breadcrumb","itemListElement":[{"@type":"ListItem","position":1,"name":"Home","item":"https:\/\/meintueroeffner.de\/"},{"@type":"ListItem","position":2,"name":"Mein T\u00fcr\u00f6ffner Hagen","item":"https:\/\/meintueroeffner.de\/index.php\/mein-turoffner-hagen\/"},{"@type":"ListItem","position":3,"name":"Auto\u00f6ffnung Hagen &#8211; Alle Marken und Modelle"}]},{"@type":"WebSite","@id":"https:\/\/meintueroeffner.de\/#website","url":"https:\/\/meintueroeffner.de\/","name":"Mein T\u00fcr\u00f6ffner","description":"","potentialAction":[{"@type":"SearchAction","target":{"@type":"EntryPoint","urlTemplate":"https:\/\/meintueroeffner.de\/?s={search_term_string}"},"query-input":"required name=search_term_string"}],"inLanguage":"de-DE"}]}},"_links":{"self":[{"href":"https:\/\/meintueroeffner.de\/index.php\/wp-json\/wp\/v2\/pages\/185"}],"collection":[{"href":"https:\/\/meintueroeffner.de\/index.php\/wp-json\/wp\/v2\/pages"}],"about":[{"href":"https:\/\/meintueroeffner.de\/index.php\/wp-json\/wp\/v2\/types\/page"}],"author":[{"embeddable":true,"href":"https:\/\/meintueroeffner.de\/index.php\/wp-json\/wp\/v2\/users\/2"}],"replies":[{"embeddable":true,"href":"https:\/\/meintueroeffner.de\/index.php\/wp-json\/wp\/v2\/comments?post=185"}],"version-history":[{"count":3,"href":"https:\/\/meintueroeffner.de\/index.php\/wp-json\/wp\/v2\/pages\/185\/revisions"}],"predecessor-version":[{"id":484,"href":"https:\/\/meintueroeffner.de\/index.php\/wp-json\/wp\/v2\/pages\/185\/revisions\/484"}],"up":[{"embeddable":true,"href":"https:\/\/meintueroeffner.de\/index.php\/wp-json\/wp\/v2\/pages\/170"}],"wp:attachment":[{"href":"https:\/\/meintueroeffner.de\/index.php\/wp-json\/wp\/v2\/media?parent=185"}],"curies":[{"name":"wp","href":"https:\/\/api.w.org\/{rel}","templated":true}]}}